{"id":708,"date":"2025-06-06T16:58:49","date_gmt":"2025-06-06T14:58:49","guid":{"rendered":"https:\/\/mr-p.eu\/?page_id=708"},"modified":"2026-02-01T12:29:15","modified_gmt":"2026-02-01T11:29:15","slug":"3-days-trial","status":"publish","type":"page","link":"https:\/\/mr-p.eu\/?page_id=708","title":{"rendered":"3 DAYS TRIAL"},"content":{"rendered":"\n<p class=\"has-text-align-center has-small-font-size\">Trzydniowy pakiet zmian \u017cyciowych to idealny czas na g\u0142\u0119bsz\u0105 analiz\u0119 Twojego \u017cycia, to tak\u017ce czas kiedy mo\u017cemy wsp\u00f3lnie popracowa\u0107 nad wi\u0119ksz\u0105 ilo\u015bci\u0105 nowych dla Ciebie zagadnie\u0144, lub wolniej popracowa\u0107 nad wszystkim co jest potrzebne do tego aby\u015b g\u0142\u0119biej zrozumia\u0142 warto\u015b\u0107 i wa\u017cno\u015b\u0107 procesu przemian. Wiem o tym, \u017ce ka\u017cdy jest wyj\u0105tkowy i ka\u017cdy ma swoje tempo zmian i nauki dlatego okres trzech dni dopasujemy idealnie do Ciebie, tak aby ilo\u015b\u0107 wiedzy i nowych dla Ciebie do\u015bwiadcze\u0144 odnios\u0142a najlepszy, d\u0142ugotrwa\u0142y skutek i aby\u015b w kolejnych dniach kontynuowa\u0142 zmiany w swoim \u017cyciu w odpowiednim dla Ciebie tempie. Trzy dni pe\u0142ne rozm\u00f3w, do\u015bwiadcze\u0144 i nauki spokoju \u017cycia\u2026<\/p>\n\n\n\n<figure class=\"wp-block-image size-large\"><img decoding=\"async\" width=\"1024\" height=\"18\" src=\"https:\/\/mr-p.eu\/wp-content\/uploads\/2025\/06\/pasek-P-1024x18.png\" alt=\"\" class=\"wp-image-696\" srcset=\"https:\/\/mr-p.eu\/wp-content\/uploads\/2025\/06\/pasek-P-1024x18.png 1024w, https:\/\/mr-p.eu\/wp-content\/uploads\/2025\/06\/pasek-P-300x5.png 300w, https:\/\/mr-p.eu\/wp-content\/uploads\/2025\/06\/pasek-P-768x13.png 768w, https:\/\/mr-p.eu\/wp-content\/uploads\/2025\/06\/pasek-P-1536x26.png 1536w, https:\/\/mr-p.eu\/wp-content\/uploads\/2025\/06\/pasek-P.png 1918w\" sizes=\"(max-width: 767px) 89vw, (max-width: 1000px) 54vw, (max-width: 1071px) 543px, 580px\" \/><\/figure>\n\n\n\n<p class=\"has-text-align-center has-small-font-size\">The three-day life change package is the perfect time for a deeper analysis of Your life, it is also a time when we can work together on more issues that are new to You, or work more slowly on everything that is needed for You to understand the value and importance of the process of change more deeply. I know that everyone is unique and everyone has their own pace of change and learning, so we will adjust the three-day period perfectly to You, so that the amount of knowledge and experiences new to You will have the best, long-lasting effect and that in the following days You will continue to change Your life at the right pace for You. Three days full of conversations, experiences and learning the peace of life&#8230;<\/p>\n\n\n\n<figure class=\"wp-block-gallery has-nested-images columns-4 is-cropped wp-block-gallery-1 is-layout-flex wp-block-gallery-is-layout-flex\">\n<figure class=\"wp-block-image size-large\"><a href=\"https:\/\/mr-p.eu\/?page_id=688\" target=\"_blank\" rel=\" noreferrer noopener\"><img fetchpriority=\"high\" decoding=\"async\" width=\"768\" height=\"1024\" data-id=\"892\" src=\"https:\/\/mr-p.eu\/wp-content\/uploads\/2026\/01\/1-DAY-TRIAL-300x400-2-768x1024.png\" alt=\"\" class=\"wp-image-892\" srcset=\"https:\/\/mr-p.eu\/wp-content\/uploads\/2026\/01\/1-DAY-TRIAL-300x400-2-768x1024.png 768w, https:\/\/mr-p.eu\/wp-content\/uploads\/2026\/01\/1-DAY-TRIAL-300x400-2-225x300.png 225w, https:\/\/mr-p.eu\/wp-content\/uploads\/2026\/01\/1-DAY-TRIAL-300x400-2-1152x1536.png 1152w, https:\/\/mr-p.eu\/wp-content\/uploads\/2026\/01\/1-DAY-TRIAL-300x400-2-1536x2048.png 1536w, https:\/\/mr-p.eu\/wp-content\/uploads\/2026\/01\/1-DAY-TRIAL-300x400-2-scaled.png 1920w\" sizes=\"(max-width: 767px) 89vw, (max-width: 1000px) 54vw, (max-width: 1071px) 543px, 580px\" \/><\/a><\/figure>\n\n\n\n<figure class=\"wp-block-image size-large\"><a href=\"https:\/\/mr-p.eu\/?page_id=706\" target=\"_blank\" rel=\" noreferrer noopener\"><img decoding=\"async\" width=\"768\" height=\"1024\" data-id=\"867\" src=\"https:\/\/mr-p.eu\/wp-content\/uploads\/2026\/01\/2-DAY-TRIAL-300x400-1-768x1024.png\" alt=\"\" class=\"wp-image-867\" srcset=\"https:\/\/mr-p.eu\/wp-content\/uploads\/2026\/01\/2-DAY-TRIAL-300x400-1-768x1024.png 768w, https:\/\/mr-p.eu\/wp-content\/uploads\/2026\/01\/2-DAY-TRIAL-300x400-1-225x300.png 225w, https:\/\/mr-p.eu\/wp-content\/uploads\/2026\/01\/2-DAY-TRIAL-300x400-1-1152x1536.png 1152w, https:\/\/mr-p.eu\/wp-content\/uploads\/2026\/01\/2-DAY-TRIAL-300x400-1-1536x2048.png 1536w, https:\/\/mr-p.eu\/wp-content\/uploads\/2026\/01\/2-DAY-TRIAL-300x400-1-scaled.png 1920w\" sizes=\"(max-width: 767px) 89vw, (max-width: 1000px) 54vw, (max-width: 1071px) 543px, 580px\" \/><\/a><\/figure>\n\n\n\n<figure class=\"wp-block-image size-large\"><a href=\"https:\/\/mr-p.eu\/?page_id=718\" target=\"_blank\" rel=\" noreferrer noopener\"><img loading=\"lazy\" decoding=\"async\" width=\"768\" height=\"1024\" data-id=\"873\" src=\"https:\/\/mr-p.eu\/wp-content\/uploads\/2026\/01\/7-DAY-TRIAL-300x400-1-768x1024.png\" alt=\"\" class=\"wp-image-873\" srcset=\"https:\/\/mr-p.eu\/wp-content\/uploads\/2026\/01\/7-DAY-TRIAL-300x400-1-768x1024.png 768w, https:\/\/mr-p.eu\/wp-content\/uploads\/2026\/01\/7-DAY-TRIAL-300x400-1-225x300.png 225w, https:\/\/mr-p.eu\/wp-content\/uploads\/2026\/01\/7-DAY-TRIAL-300x400-1-1152x1536.png 1152w, https:\/\/mr-p.eu\/wp-content\/uploads\/2026\/01\/7-DAY-TRIAL-300x400-1-1536x2048.png 1536w, https:\/\/mr-p.eu\/wp-content\/uploads\/2026\/01\/7-DAY-TRIAL-300x400-1-scaled.png 1920w\" sizes=\"(max-width: 767px) 89vw, (max-width: 1000px) 54vw, (max-width: 1071px) 543px, 580px\" \/><\/a><\/figure>\n\n\n\n<figure class=\"wp-block-image size-full\"><a href=\"https:\/\/mr-p.eu\/?page_id=543\" target=\"_blank\" rel=\" noreferrer noopener\"><img loading=\"lazy\" decoding=\"async\" width=\"1920\" height=\"2560\" data-id=\"947\" src=\"https:\/\/mr-p.eu\/wp-content\/uploads\/2026\/01\/CENNIK-2026-TRIALS-300x400-1-scaled.png\" alt=\"\" class=\"wp-image-947\" srcset=\"https:\/\/mr-p.eu\/wp-content\/uploads\/2026\/01\/CENNIK-2026-TRIALS-300x400-1-scaled.png 1920w, https:\/\/mr-p.eu\/wp-content\/uploads\/2026\/01\/CENNIK-2026-TRIALS-300x400-1-225x300.png 225w, https:\/\/mr-p.eu\/wp-content\/uploads\/2026\/01\/CENNIK-2026-TRIALS-300x400-1-768x1024.png 768w, https:\/\/mr-p.eu\/wp-content\/uploads\/2026\/01\/CENNIK-2026-TRIALS-300x400-1-1152x1536.png 1152w, https:\/\/mr-p.eu\/wp-content\/uploads\/2026\/01\/CENNIK-2026-TRIALS-300x400-1-1536x2048.png 1536w\" sizes=\"(max-width: 767px) 89vw, (max-width: 1000px) 54vw, (max-width: 1071px) 543px, 580px\" \/><\/a><\/figure>\n<\/figure>\n\n\n\n<figure class=\"wp-block-image size-large\"><a href=\"https:\/\/mr-p.eu\/?page_id=543\" target=\"_blank\" rel=\" noreferrer noopener\"><img loading=\"lazy\" decoding=\"async\" width=\"1024\" height=\"137\" src=\"https:\/\/mr-p.eu\/wp-content\/uploads\/2026\/01\/lets-meet-2026-1024x137.png\" alt=\"\" class=\"wp-image-975\" srcset=\"https:\/\/mr-p.eu\/wp-content\/uploads\/2026\/01\/lets-meet-2026-1024x137.png 1024w, https:\/\/mr-p.eu\/wp-content\/uploads\/2026\/01\/lets-meet-2026-300x40.png 300w, https:\/\/mr-p.eu\/wp-content\/uploads\/2026\/01\/lets-meet-2026-768x103.png 768w, https:\/\/mr-p.eu\/wp-content\/uploads\/2026\/01\/lets-meet-2026-1536x206.png 1536w, https:\/\/mr-p.eu\/wp-content\/uploads\/2026\/01\/lets-meet-2026.png 1918w\" sizes=\"(max-width: 767px) 89vw, (max-width: 1000px) 54vw, (max-width: 1071px) 543px, 580px\" \/><\/a><\/figure>\n\n\n\n<p><\/p>\n","protected":false},"excerpt":{"rendered":"<p>Trzydniowy pakiet zmian \u017cyciowych to idealny czas na g\u0142\u0119bsz\u0105 analiz\u0119 Twojego \u017cycia, to tak\u017ce czas kiedy mo\u017cemy wsp\u00f3lnie popracowa\u0107 nad wi\u0119ksz\u0105 ilo\u015bci\u0105 nowych dla Ciebie zagadnie\u0144, lub wolniej popracowa\u0107 nad wszystkim co jest potrzebne do tego aby\u015b g\u0142\u0119biej zrozumia\u0142 warto\u015b\u0107 i wa\u017cno\u015b\u0107 procesu przemian. Wiem o tym, \u017ce ka\u017cdy jest wyj\u0105tkowy i ka\u017cdy ma swoje &hellip; <\/p>\n<p class=\"link-more\"><a href=\"https:\/\/mr-p.eu\/?page_id=708\" class=\"more-link\">Continue reading<span class=\"screen-reader-text\"> &#8220;3 DAYS TRIAL&#8221;<\/span><\/a><\/p>\n","protected":false},"author":1,"featured_media":774,"parent":0,"menu_order":0,"comment_status":"closed","ping_status":"closed","template":"","meta":{"footnotes":""},"class_list":["post-708","page","type-page","status-publish","has-post-thumbnail","hentry"],"yoast_head":"<!-- This site is optimized with the Yoast SEO plugin v21.3 - https:\/\/yoast.com\/wordpress\/plugins\/seo\/ -->\n<title>3 DAYS TRIAL -<\/title>\n<meta name=\"robots\" content=\"index, follow, max-snippet:-1, max-image-preview:large, max-video-preview:-1\" \/>\n<link rel=\"canonical\" href=\"https:\/\/mr-p.eu\/?page_id=708\" \/>\n<meta property=\"og:locale\" content=\"en_US\" \/>\n<meta property=\"og:type\" content=\"article\" \/>\n<meta property=\"og:title\" content=\"3 DAYS TRIAL -\" \/>\n<meta property=\"og:description\" content=\"Trzydniowy pakiet zmian \u017cyciowych to idealny czas na g\u0142\u0119bsz\u0105 analiz\u0119 Twojego \u017cycia, to tak\u017ce czas kiedy mo\u017cemy wsp\u00f3lnie popracowa\u0107 nad wi\u0119ksz\u0105 ilo\u015bci\u0105 nowych dla Ciebie zagadnie\u0144, lub wolniej popracowa\u0107 nad wszystkim co jest potrzebne do tego aby\u015b g\u0142\u0119biej zrozumia\u0142 warto\u015b\u0107 i wa\u017cno\u015b\u0107 procesu przemian. Wiem o tym, \u017ce ka\u017cdy jest wyj\u0105tkowy i ka\u017cdy ma swoje &hellip; Continue reading &quot;3 DAYS TRIAL&quot;\" \/>\n<meta property=\"og:url\" content=\"https:\/\/mr-p.eu\/?page_id=708\" \/>\n<meta property=\"article:modified_time\" content=\"2026-02-01T11:29:15+00:00\" \/>\n<meta property=\"og:image\" content=\"https:\/\/mr-p.eu\/wp-content\/uploads\/2025\/06\/2025-6b.png\" \/>\n\t<meta property=\"og:image:width\" content=\"1\" \/>\n\t<meta property=\"og:image:height\" content=\"1\" \/>\n\t<meta property=\"og:image:type\" content=\"image\/png\" \/>\n<meta name=\"twitter:card\" content=\"summary_large_image\" \/>\n<meta name=\"twitter:label1\" content=\"Est. reading time\" \/>\n\t<meta name=\"twitter:data1\" content=\"3 minutes\" \/>\n<script type=\"application\/ld+json\" class=\"yoast-schema-graph\">{\"@context\":\"https:\/\/schema.org\",\"@graph\":[{\"@type\":\"WebPage\",\"@id\":\"https:\/\/mr-p.eu\/?page_id=708\",\"url\":\"https:\/\/mr-p.eu\/?page_id=708\",\"name\":\"3 DAYS TRIAL -\",\"isPartOf\":{\"@id\":\"https:\/\/mr-p.eu\/#website\"},\"datePublished\":\"2025-06-06T14:58:49+00:00\",\"dateModified\":\"2026-02-01T11:29:15+00:00\",\"breadcrumb\":{\"@id\":\"https:\/\/mr-p.eu\/?page_id=708#breadcrumb\"},\"inLanguage\":\"en-US\",\"potentialAction\":[{\"@type\":\"ReadAction\",\"target\":[\"https:\/\/mr-p.eu\/?page_id=708\"]}]},{\"@type\":\"BreadcrumbList\",\"@id\":\"https:\/\/mr-p.eu\/?page_id=708#breadcrumb\",\"itemListElement\":[{\"@type\":\"ListItem\",\"position\":1,\"name\":\"Home\",\"item\":\"https:\/\/mr-p.eu\/\"},{\"@type\":\"ListItem\",\"position\":2,\"name\":\"3 DAYS TRIAL\"}]},{\"@type\":\"WebSite\",\"@id\":\"https:\/\/mr-p.eu\/#website\",\"url\":\"https:\/\/mr-p.eu\/\",\"name\":\"\",\"description\":\"\",\"potentialAction\":[{\"@type\":\"SearchAction\",\"target\":{\"@type\":\"EntryPoint\",\"urlTemplate\":\"https:\/\/mr-p.eu\/?s={search_term_string}\"},\"query-input\":\"required name=search_term_string\"}],\"inLanguage\":\"en-US\"}]}<\/script>\n<!-- \/ Yoast SEO plugin. -->","yoast_head_json":{"title":"3 DAYS TRIAL -","robots":{"index":"index","follow":"follow","max-snippet":"max-snippet:-1","max-image-preview":"max-image-preview:large","max-video-preview":"max-video-preview:-1"},"canonical":"https:\/\/mr-p.eu\/?page_id=708","og_locale":"en_US","og_type":"article","og_title":"3 DAYS TRIAL -","og_description":"Trzydniowy pakiet zmian \u017cyciowych to idealny czas na g\u0142\u0119bsz\u0105 analiz\u0119 Twojego \u017cycia, to tak\u017ce czas kiedy mo\u017cemy wsp\u00f3lnie popracowa\u0107 nad wi\u0119ksz\u0105 ilo\u015bci\u0105 nowych dla Ciebie zagadnie\u0144, lub wolniej popracowa\u0107 nad wszystkim co jest potrzebne do tego aby\u015b g\u0142\u0119biej zrozumia\u0142 warto\u015b\u0107 i wa\u017cno\u015b\u0107 procesu przemian. Wiem o tym, \u017ce ka\u017cdy jest wyj\u0105tkowy i ka\u017cdy ma swoje &hellip; Continue reading \"3 DAYS TRIAL\"","og_url":"https:\/\/mr-p.eu\/?page_id=708","article_modified_time":"2026-02-01T11:29:15+00:00","og_image":[{"url":"https:\/\/mr-p.eu\/wp-content\/uploads\/2025\/06\/2025-6b.png","width":1,"height":1,"type":"image\/png"}],"twitter_card":"summary_large_image","twitter_misc":{"Est. reading time":"3 minutes"},"schema":{"@context":"https:\/\/schema.org","@graph":[{"@type":"WebPage","@id":"https:\/\/mr-p.eu\/?page_id=708","url":"https:\/\/mr-p.eu\/?page_id=708","name":"3 DAYS TRIAL -","isPartOf":{"@id":"https:\/\/mr-p.eu\/#website"},"datePublished":"2025-06-06T14:58:49+00:00","dateModified":"2026-02-01T11:29:15+00:00","breadcrumb":{"@id":"https:\/\/mr-p.eu\/?page_id=708#breadcrumb"},"inLanguage":"en-US","potentialAction":[{"@type":"ReadAction","target":["https:\/\/mr-p.eu\/?page_id=708"]}]},{"@type":"BreadcrumbList","@id":"https:\/\/mr-p.eu\/?page_id=708#breadcrumb","itemListElement":[{"@type":"ListItem","position":1,"name":"Home","item":"https:\/\/mr-p.eu\/"},{"@type":"ListItem","position":2,"name":"3 DAYS TRIAL"}]},{"@type":"WebSite","@id":"https:\/\/mr-p.eu\/#website","url":"https:\/\/mr-p.eu\/","name":"","description":"","potentialAction":[{"@type":"SearchAction","target":{"@type":"EntryPoint","urlTemplate":"https:\/\/mr-p.eu\/?s={search_term_string}"},"query-input":"required name=search_term_string"}],"inLanguage":"en-US"}]}},"_links":{"self":[{"href":"https:\/\/mr-p.eu\/index.php?rest_route=\/wp\/v2\/pages\/708","targetHints":{"allow":["GET"]}}],"collection":[{"href":"https:\/\/mr-p.eu\/index.php?rest_route=\/wp\/v2\/pages"}],"about":[{"href":"https:\/\/mr-p.eu\/index.php?rest_route=\/wp\/v2\/types\/page"}],"author":[{"embeddable":true,"href":"https:\/\/mr-p.eu\/index.php?rest_route=\/wp\/v2\/users\/1"}],"replies":[{"embeddable":true,"href":"https:\/\/mr-p.eu\/index.php?rest_route=%2Fwp%2Fv2%2Fcomments&post=708"}],"version-history":[{"count":12,"href":"https:\/\/mr-p.eu\/index.php?rest_route=\/wp\/v2\/pages\/708\/revisions"}],"predecessor-version":[{"id":994,"href":"https:\/\/mr-p.eu\/index.php?rest_route=\/wp\/v2\/pages\/708\/revisions\/994"}],"wp:featuredmedia":[{"embeddable":true,"href":"https:\/\/mr-p.eu\/index.php?rest_route=\/wp\/v2\/media\/774"}],"wp:attachment":[{"href":"https:\/\/mr-p.eu\/index.php?rest_route=%2Fwp%2Fv2%2Fmedia&parent=708"}],"curies":[{"name":"wp","href":"https:\/\/api.w.org\/{rel}","templated":true}]}}