{"id":706,"date":"2025-06-06T16:55:02","date_gmt":"2025-06-06T14:55:02","guid":{"rendered":"https:\/\/mr-p.eu\/?page_id=706"},"modified":"2026-02-01T12:28:57","modified_gmt":"2026-02-01T11:28:57","slug":"2-days-trial","status":"publish","type":"page","link":"https:\/\/mr-p.eu\/?page_id=706","title":{"rendered":"2 DAYS TRIAL"},"content":{"rendered":"\n<p class=\"has-text-align-center has-small-font-size\">Dwa wsp\u00f3lnie sp\u0119dzone dni pozwol\u0105 nam na nieco g\u0142\u0119bsze poznanie Twojego \u017cycia i wprowadzenie dodatkowych element\u00f3w takich jak podstawy medytacji, pracy z oddechem czy inne dopasowane do Ciebie \u0107wiczenia z zakresu yogi, relaksacji czy medytacji. Podczas drugiego dnia b\u0119dziemy mieli mo\u017cliwo\u015b\u0107 wdro\u017cenia w praktyk\u0119 zmian om\u00f3wionych w dniu poprzednim, co pozwoli Tobie rozpocz\u0105\u0107 proces przemian w mojej obecno\u015bci i z moj\u0105 pomoc\u0105. W drugim dniu naszego spotkania b\u0119d\u0119 m\u00f3g\u0142 pokaza\u0107 Tobie jak proste i ma\u0142e rzeczy mog\u0105 zrobi\u0107 wielkie zmiany w Twoim funkcjonowaniu, co bezpo\u015brednio prze\u0142o\u017cy si\u0119 na Tw\u00f3j nastr\u00f3j, rado\u015b\u0107 i zadowolenie z ka\u017cdej chwili\u2026<\/p>\n\n\n\n<figure class=\"wp-block-image size-large\"><img decoding=\"async\" width=\"1024\" height=\"18\" src=\"https:\/\/mr-p.eu\/wp-content\/uploads\/2025\/06\/pasek-P-1024x18.png\" alt=\"\" class=\"wp-image-696\" srcset=\"https:\/\/mr-p.eu\/wp-content\/uploads\/2025\/06\/pasek-P-1024x18.png 1024w, https:\/\/mr-p.eu\/wp-content\/uploads\/2025\/06\/pasek-P-300x5.png 300w, https:\/\/mr-p.eu\/wp-content\/uploads\/2025\/06\/pasek-P-768x13.png 768w, https:\/\/mr-p.eu\/wp-content\/uploads\/2025\/06\/pasek-P-1536x26.png 1536w, https:\/\/mr-p.eu\/wp-content\/uploads\/2025\/06\/pasek-P.png 1918w\" sizes=\"(max-width: 767px) 89vw, (max-width: 1000px) 54vw, (max-width: 1071px) 543px, 580px\" \/><\/figure>\n\n\n\n<p class=\"has-text-align-center has-small-font-size\">Two days spent together will allow us to get to know Your life a little more deeply and introduce additional elements such as the basics of meditation, breath work or other exercises tailored to You in the field of yoga, relaxation or meditation. During the second day, we will have the opportunity to implement the changes discussed on the previous day, which will allow You to start the process of transformation in my presence and with my help. On the second day of our meeting, I will be able to show You how simple and small things can make great changes in Your functioning, which will directly translate into Your mood, joy and satisfaction with each moment&#8230;<\/p>\n\n\n\n<figure class=\"wp-block-gallery has-nested-images columns-4 is-cropped wp-block-gallery-1 is-layout-flex wp-block-gallery-is-layout-flex\">\n<figure class=\"wp-block-image size-large\"><a href=\"https:\/\/mr-p.eu\/?page_id=688\" target=\"_blank\" rel=\" noreferrer noopener\"><img fetchpriority=\"high\" decoding=\"async\" width=\"768\" height=\"1024\" data-id=\"892\" src=\"https:\/\/mr-p.eu\/wp-content\/uploads\/2026\/01\/1-DAY-TRIAL-300x400-2-768x1024.png\" alt=\"\" class=\"wp-image-892\" srcset=\"https:\/\/mr-p.eu\/wp-content\/uploads\/2026\/01\/1-DAY-TRIAL-300x400-2-768x1024.png 768w, https:\/\/mr-p.eu\/wp-content\/uploads\/2026\/01\/1-DAY-TRIAL-300x400-2-225x300.png 225w, https:\/\/mr-p.eu\/wp-content\/uploads\/2026\/01\/1-DAY-TRIAL-300x400-2-1152x1536.png 1152w, https:\/\/mr-p.eu\/wp-content\/uploads\/2026\/01\/1-DAY-TRIAL-300x400-2-1536x2048.png 1536w, https:\/\/mr-p.eu\/wp-content\/uploads\/2026\/01\/1-DAY-TRIAL-300x400-2-scaled.png 1920w\" sizes=\"(max-width: 767px) 89vw, (max-width: 1000px) 54vw, (max-width: 1071px) 543px, 580px\" \/><\/a><\/figure>\n\n\n\n<figure class=\"wp-block-image size-full\"><a href=\"https:\/\/mr-p.eu\/?page_id=708\" target=\"_blank\" rel=\" noreferrer noopener\"><img decoding=\"async\" width=\"1920\" height=\"2560\" data-id=\"870\" src=\"https:\/\/mr-p.eu\/wp-content\/uploads\/2026\/01\/3-DAY-TRIAL-300x400-1-scaled.png\" alt=\"\" class=\"wp-image-870\" srcset=\"https:\/\/mr-p.eu\/wp-content\/uploads\/2026\/01\/3-DAY-TRIAL-300x400-1-scaled.png 1920w, https:\/\/mr-p.eu\/wp-content\/uploads\/2026\/01\/3-DAY-TRIAL-300x400-1-225x300.png 225w, https:\/\/mr-p.eu\/wp-content\/uploads\/2026\/01\/3-DAY-TRIAL-300x400-1-768x1024.png 768w, https:\/\/mr-p.eu\/wp-content\/uploads\/2026\/01\/3-DAY-TRIAL-300x400-1-1152x1536.png 1152w, https:\/\/mr-p.eu\/wp-content\/uploads\/2026\/01\/3-DAY-TRIAL-300x400-1-1536x2048.png 1536w\" sizes=\"(max-width: 767px) 89vw, (max-width: 1000px) 54vw, (max-width: 1071px) 543px, 580px\" \/><\/a><\/figure>\n\n\n\n<figure class=\"wp-block-image size-large\"><a href=\"https:\/\/mr-p.eu\/?page_id=718\" target=\"_blank\" rel=\" noreferrer noopener\"><img loading=\"lazy\" decoding=\"async\" width=\"768\" height=\"1024\" data-id=\"873\" src=\"https:\/\/mr-p.eu\/wp-content\/uploads\/2026\/01\/7-DAY-TRIAL-300x400-1-768x1024.png\" alt=\"\" class=\"wp-image-873\" srcset=\"https:\/\/mr-p.eu\/wp-content\/uploads\/2026\/01\/7-DAY-TRIAL-300x400-1-768x1024.png 768w, https:\/\/mr-p.eu\/wp-content\/uploads\/2026\/01\/7-DAY-TRIAL-300x400-1-225x300.png 225w, https:\/\/mr-p.eu\/wp-content\/uploads\/2026\/01\/7-DAY-TRIAL-300x400-1-1152x1536.png 1152w, https:\/\/mr-p.eu\/wp-content\/uploads\/2026\/01\/7-DAY-TRIAL-300x400-1-1536x2048.png 1536w, https:\/\/mr-p.eu\/wp-content\/uploads\/2026\/01\/7-DAY-TRIAL-300x400-1-scaled.png 1920w\" sizes=\"(max-width: 767px) 89vw, (max-width: 1000px) 54vw, (max-width: 1071px) 543px, 580px\" \/><\/a><\/figure>\n\n\n\n<figure class=\"wp-block-image size-full\"><a href=\"https:\/\/mr-p.eu\/?page_id=543\" target=\"_blank\" rel=\" noreferrer noopener\"><img loading=\"lazy\" decoding=\"async\" width=\"1920\" height=\"2560\" data-id=\"947\" src=\"https:\/\/mr-p.eu\/wp-content\/uploads\/2026\/01\/CENNIK-2026-TRIALS-300x400-1-scaled.png\" alt=\"\" class=\"wp-image-947\" srcset=\"https:\/\/mr-p.eu\/wp-content\/uploads\/2026\/01\/CENNIK-2026-TRIALS-300x400-1-scaled.png 1920w, https:\/\/mr-p.eu\/wp-content\/uploads\/2026\/01\/CENNIK-2026-TRIALS-300x400-1-225x300.png 225w, https:\/\/mr-p.eu\/wp-content\/uploads\/2026\/01\/CENNIK-2026-TRIALS-300x400-1-768x1024.png 768w, https:\/\/mr-p.eu\/wp-content\/uploads\/2026\/01\/CENNIK-2026-TRIALS-300x400-1-1152x1536.png 1152w, https:\/\/mr-p.eu\/wp-content\/uploads\/2026\/01\/CENNIK-2026-TRIALS-300x400-1-1536x2048.png 1536w\" sizes=\"(max-width: 767px) 89vw, (max-width: 1000px) 54vw, (max-width: 1071px) 543px, 580px\" \/><\/a><\/figure>\n<\/figure>\n\n\n\n<figure class=\"wp-block-image size-large\"><a href=\"https:\/\/mr-p.eu\/?page_id=543\" target=\"_blank\" rel=\" noreferrer noopener\"><img loading=\"lazy\" decoding=\"async\" width=\"1024\" height=\"137\" src=\"https:\/\/mr-p.eu\/wp-content\/uploads\/2026\/01\/lets-meet-2026-1024x137.png\" alt=\"\" class=\"wp-image-975\" srcset=\"https:\/\/mr-p.eu\/wp-content\/uploads\/2026\/01\/lets-meet-2026-1024x137.png 1024w, https:\/\/mr-p.eu\/wp-content\/uploads\/2026\/01\/lets-meet-2026-300x40.png 300w, https:\/\/mr-p.eu\/wp-content\/uploads\/2026\/01\/lets-meet-2026-768x103.png 768w, https:\/\/mr-p.eu\/wp-content\/uploads\/2026\/01\/lets-meet-2026-1536x206.png 1536w, https:\/\/mr-p.eu\/wp-content\/uploads\/2026\/01\/lets-meet-2026.png 1918w\" sizes=\"(max-width: 767px) 89vw, (max-width: 1000px) 54vw, (max-width: 1071px) 543px, 580px\" \/><\/a><\/figure>\n\n\n\n<p><\/p>\n","protected":false},"excerpt":{"rendered":"<p>Dwa wsp\u00f3lnie sp\u0119dzone dni pozwol\u0105 nam na nieco g\u0142\u0119bsze poznanie Twojego \u017cycia i wprowadzenie dodatkowych element\u00f3w takich jak podstawy medytacji, pracy z oddechem czy inne dopasowane do Ciebie \u0107wiczenia z zakresu yogi, relaksacji czy medytacji. Podczas drugiego dnia b\u0119dziemy mieli mo\u017cliwo\u015b\u0107 wdro\u017cenia w praktyk\u0119 zmian om\u00f3wionych w dniu poprzednim, co pozwoli Tobie rozpocz\u0105\u0107 proces przemian &hellip; <\/p>\n<p class=\"link-more\"><a href=\"https:\/\/mr-p.eu\/?page_id=706\" class=\"more-link\">Continue reading<span class=\"screen-reader-text\"> &#8220;2 DAYS TRIAL&#8221;<\/span><\/a><\/p>\n","protected":false},"author":1,"featured_media":774,"parent":0,"menu_order":0,"comment_status":"closed","ping_status":"closed","template":"","meta":{"footnotes":""},"class_list":["post-706","page","type-page","status-publish","has-post-thumbnail","hentry"],"yoast_head":"<!-- This site is optimized with the Yoast SEO plugin v21.3 - https:\/\/yoast.com\/wordpress\/plugins\/seo\/ -->\n<title>2 DAYS TRIAL -<\/title>\n<meta name=\"robots\" content=\"index, follow, max-snippet:-1, max-image-preview:large, max-video-preview:-1\" \/>\n<link rel=\"canonical\" href=\"https:\/\/mr-p.eu\/?page_id=706\" \/>\n<meta property=\"og:locale\" content=\"en_US\" \/>\n<meta property=\"og:type\" content=\"article\" \/>\n<meta property=\"og:title\" content=\"2 DAYS TRIAL -\" \/>\n<meta property=\"og:description\" content=\"Dwa wsp\u00f3lnie sp\u0119dzone dni pozwol\u0105 nam na nieco g\u0142\u0119bsze poznanie Twojego \u017cycia i wprowadzenie dodatkowych element\u00f3w takich jak podstawy medytacji, pracy z oddechem czy inne dopasowane do Ciebie \u0107wiczenia z zakresu yogi, relaksacji czy medytacji. Podczas drugiego dnia b\u0119dziemy mieli mo\u017cliwo\u015b\u0107 wdro\u017cenia w praktyk\u0119 zmian om\u00f3wionych w dniu poprzednim, co pozwoli Tobie rozpocz\u0105\u0107 proces przemian &hellip; Continue reading &quot;2 DAYS TRIAL&quot;\" \/>\n<meta property=\"og:url\" content=\"https:\/\/mr-p.eu\/?page_id=706\" \/>\n<meta property=\"article:modified_time\" content=\"2026-02-01T11:28:57+00:00\" \/>\n<meta property=\"og:image\" content=\"https:\/\/mr-p.eu\/wp-content\/uploads\/2025\/06\/2025-6b.png\" \/>\n\t<meta property=\"og:image:width\" content=\"1\" \/>\n\t<meta property=\"og:image:height\" content=\"1\" \/>\n\t<meta property=\"og:image:type\" content=\"image\/png\" \/>\n<meta name=\"twitter:card\" content=\"summary_large_image\" \/>\n<meta name=\"twitter:label1\" content=\"Est. reading time\" \/>\n\t<meta name=\"twitter:data1\" content=\"3 minutes\" \/>\n<script type=\"application\/ld+json\" class=\"yoast-schema-graph\">{\"@context\":\"https:\/\/schema.org\",\"@graph\":[{\"@type\":\"WebPage\",\"@id\":\"https:\/\/mr-p.eu\/?page_id=706\",\"url\":\"https:\/\/mr-p.eu\/?page_id=706\",\"name\":\"2 DAYS TRIAL -\",\"isPartOf\":{\"@id\":\"https:\/\/mr-p.eu\/#website\"},\"datePublished\":\"2025-06-06T14:55:02+00:00\",\"dateModified\":\"2026-02-01T11:28:57+00:00\",\"breadcrumb\":{\"@id\":\"https:\/\/mr-p.eu\/?page_id=706#breadcrumb\"},\"inLanguage\":\"en-US\",\"potentialAction\":[{\"@type\":\"ReadAction\",\"target\":[\"https:\/\/mr-p.eu\/?page_id=706\"]}]},{\"@type\":\"BreadcrumbList\",\"@id\":\"https:\/\/mr-p.eu\/?page_id=706#breadcrumb\",\"itemListElement\":[{\"@type\":\"ListItem\",\"position\":1,\"name\":\"Home\",\"item\":\"https:\/\/mr-p.eu\/\"},{\"@type\":\"ListItem\",\"position\":2,\"name\":\"2 DAYS TRIAL\"}]},{\"@type\":\"WebSite\",\"@id\":\"https:\/\/mr-p.eu\/#website\",\"url\":\"https:\/\/mr-p.eu\/\",\"name\":\"\",\"description\":\"\",\"potentialAction\":[{\"@type\":\"SearchAction\",\"target\":{\"@type\":\"EntryPoint\",\"urlTemplate\":\"https:\/\/mr-p.eu\/?s={search_term_string}\"},\"query-input\":\"required name=search_term_string\"}],\"inLanguage\":\"en-US\"}]}<\/script>\n<!-- \/ Yoast SEO plugin. -->","yoast_head_json":{"title":"2 DAYS TRIAL -","robots":{"index":"index","follow":"follow","max-snippet":"max-snippet:-1","max-image-preview":"max-image-preview:large","max-video-preview":"max-video-preview:-1"},"canonical":"https:\/\/mr-p.eu\/?page_id=706","og_locale":"en_US","og_type":"article","og_title":"2 DAYS TRIAL -","og_description":"Dwa wsp\u00f3lnie sp\u0119dzone dni pozwol\u0105 nam na nieco g\u0142\u0119bsze poznanie Twojego \u017cycia i wprowadzenie dodatkowych element\u00f3w takich jak podstawy medytacji, pracy z oddechem czy inne dopasowane do Ciebie \u0107wiczenia z zakresu yogi, relaksacji czy medytacji. Podczas drugiego dnia b\u0119dziemy mieli mo\u017cliwo\u015b\u0107 wdro\u017cenia w praktyk\u0119 zmian om\u00f3wionych w dniu poprzednim, co pozwoli Tobie rozpocz\u0105\u0107 proces przemian &hellip; Continue reading \"2 DAYS TRIAL\"","og_url":"https:\/\/mr-p.eu\/?page_id=706","article_modified_time":"2026-02-01T11:28:57+00:00","og_image":[{"url":"https:\/\/mr-p.eu\/wp-content\/uploads\/2025\/06\/2025-6b.png","width":1,"height":1,"type":"image\/png"}],"twitter_card":"summary_large_image","twitter_misc":{"Est. reading time":"3 minutes"},"schema":{"@context":"https:\/\/schema.org","@graph":[{"@type":"WebPage","@id":"https:\/\/mr-p.eu\/?page_id=706","url":"https:\/\/mr-p.eu\/?page_id=706","name":"2 DAYS TRIAL -","isPartOf":{"@id":"https:\/\/mr-p.eu\/#website"},"datePublished":"2025-06-06T14:55:02+00:00","dateModified":"2026-02-01T11:28:57+00:00","breadcrumb":{"@id":"https:\/\/mr-p.eu\/?page_id=706#breadcrumb"},"inLanguage":"en-US","potentialAction":[{"@type":"ReadAction","target":["https:\/\/mr-p.eu\/?page_id=706"]}]},{"@type":"BreadcrumbList","@id":"https:\/\/mr-p.eu\/?page_id=706#breadcrumb","itemListElement":[{"@type":"ListItem","position":1,"name":"Home","item":"https:\/\/mr-p.eu\/"},{"@type":"ListItem","position":2,"name":"2 DAYS TRIAL"}]},{"@type":"WebSite","@id":"https:\/\/mr-p.eu\/#website","url":"https:\/\/mr-p.eu\/","name":"","description":"","potentialAction":[{"@type":"SearchAction","target":{"@type":"EntryPoint","urlTemplate":"https:\/\/mr-p.eu\/?s={search_term_string}"},"query-input":"required name=search_term_string"}],"inLanguage":"en-US"}]}},"_links":{"self":[{"href":"https:\/\/mr-p.eu\/index.php?rest_route=\/wp\/v2\/pages\/706","targetHints":{"allow":["GET"]}}],"collection":[{"href":"https:\/\/mr-p.eu\/index.php?rest_route=\/wp\/v2\/pages"}],"about":[{"href":"https:\/\/mr-p.eu\/index.php?rest_route=\/wp\/v2\/types\/page"}],"author":[{"embeddable":true,"href":"https:\/\/mr-p.eu\/index.php?rest_route=\/wp\/v2\/users\/1"}],"replies":[{"embeddable":true,"href":"https:\/\/mr-p.eu\/index.php?rest_route=%2Fwp%2Fv2%2Fcomments&post=706"}],"version-history":[{"count":13,"href":"https:\/\/mr-p.eu\/index.php?rest_route=\/wp\/v2\/pages\/706\/revisions"}],"predecessor-version":[{"id":993,"href":"https:\/\/mr-p.eu\/index.php?rest_route=\/wp\/v2\/pages\/706\/revisions\/993"}],"wp:featuredmedia":[{"embeddable":true,"href":"https:\/\/mr-p.eu\/index.php?rest_route=\/wp\/v2\/media\/774"}],"wp:attachment":[{"href":"https:\/\/mr-p.eu\/index.php?rest_route=%2Fwp%2Fv2%2Fmedia&parent=706"}],"curies":[{"name":"wp","href":"https:\/\/api.w.org\/{rel}","templated":true}]}}