{"id":688,"date":"2025-06-06T13:05:31","date_gmt":"2025-06-06T11:05:31","guid":{"rendered":"https:\/\/mr-p.eu\/?page_id=688"},"modified":"2026-02-01T12:28:40","modified_gmt":"2026-02-01T11:28:40","slug":"1-day-trial","status":"publish","type":"page","link":"https:\/\/mr-p.eu\/?page_id=688","title":{"rendered":"1 DAY TRIAL"},"content":{"rendered":"\n<p class=\"has-text-align-center has-small-font-size\">Jeden wsp\u00f3lnie sp\u0119dzony dzie\u0144 pozwoli nam na dok\u0142adniejsze poznanie Twoich nawyk\u00f3w, przyzwyczaje\u0144 i stylu w jaki funkcjonujesz. Dowolny dzie\u0144 tygodnia, kt\u00f3ry sp\u0119dzimy razem od poranka do nocy b\u0119dzie pe\u0142en rozm\u00f3w, obserwacji, analizy Twoich zachowa\u0144 i \u015bwiata woko\u0142o Ciebie. Podczas wsp\u00f3lnie sp\u0119dzonego dnia b\u0119d\u0119 m\u00f3g\u0142 da\u0107 Tobie wiele cennych wskaz\u00f3wek, wprowadzi\u0107 delikatne zmiany i pokaza\u0107 Ci kilka nowych rzeczy, kt\u00f3re mo\u017cesz wprowadzi\u0107 w swoje \u017cycie, a tak\u017ce sposobu postrzegania \u017cycia poprzez pryzmat siebie, czyli nauk\u0119 bezwarunkowej mi\u0142o\u015bci do siebie\u2026<\/p>\n\n\n\n<p class=\"has-text-align-center has-small-font-size\">Ka\u017cdy dzie\u0144 sp\u0119dzony ze mn\u0105 to praca nad Twoim rozwojem w odnajdywaniu spokoju \u017cycia i drogi do \u017cycia pe\u0142ni\u0105 szcz\u0119\u015bcia bez wzgl\u0119dy na okoliczno\u015bci.<\/p>\n\n\n\n<figure class=\"wp-block-image size-large is-resized\"><img decoding=\"async\" width=\"1024\" height=\"18\" src=\"https:\/\/mr-p.eu\/wp-content\/uploads\/2025\/06\/pasek-P-1024x18.png\" alt=\"\" class=\"wp-image-696\" style=\"width:1138px;height:auto\" srcset=\"https:\/\/mr-p.eu\/wp-content\/uploads\/2025\/06\/pasek-P-1024x18.png 1024w, https:\/\/mr-p.eu\/wp-content\/uploads\/2025\/06\/pasek-P-300x5.png 300w, https:\/\/mr-p.eu\/wp-content\/uploads\/2025\/06\/pasek-P-768x13.png 768w, https:\/\/mr-p.eu\/wp-content\/uploads\/2025\/06\/pasek-P-1536x26.png 1536w, https:\/\/mr-p.eu\/wp-content\/uploads\/2025\/06\/pasek-P.png 1918w\" sizes=\"(max-width: 767px) 89vw, (max-width: 1000px) 54vw, (max-width: 1071px) 543px, 580px\" \/><\/figure>\n\n\n\n<p class=\"has-text-align-center has-small-font-size\">One day spent together will allow us to get to know Your habits, routines and the way You function better. Any day of the week that we spend together from morning to night will be full of conversations, observations, analysis of Your behavior and the world around You. During the day spent together, I will be able to give You many valuable tips, introduce subtle changes and show You a few new things that You can introduce into Your life, as well as the way to perceive life through the prism of Yourself, i.e. learning unconditional love for Yourself&#8230; <\/p>\n\n\n\n<p class=\"has-text-align-center has-small-font-size\">Every day spent with me is work on Your development in finding peace of life and the path to life full of happiness regardless of the circumstances.<\/p>\n\n\n\n<figure class=\"wp-block-gallery has-nested-images columns-4 is-cropped wp-block-gallery-1 is-layout-flex wp-block-gallery-is-layout-flex\">\n<figure class=\"wp-block-image size-large\"><a href=\"https:\/\/mr-p.eu\/?page_id=706\" target=\"_blank\" rel=\" noreferrer noopener\"><img fetchpriority=\"high\" decoding=\"async\" width=\"768\" height=\"1024\" data-id=\"867\" src=\"https:\/\/mr-p.eu\/wp-content\/uploads\/2026\/01\/2-DAY-TRIAL-300x400-1-768x1024.png\" alt=\"\" class=\"wp-image-867\" srcset=\"https:\/\/mr-p.eu\/wp-content\/uploads\/2026\/01\/2-DAY-TRIAL-300x400-1-768x1024.png 768w, https:\/\/mr-p.eu\/wp-content\/uploads\/2026\/01\/2-DAY-TRIAL-300x400-1-225x300.png 225w, https:\/\/mr-p.eu\/wp-content\/uploads\/2026\/01\/2-DAY-TRIAL-300x400-1-1152x1536.png 1152w, https:\/\/mr-p.eu\/wp-content\/uploads\/2026\/01\/2-DAY-TRIAL-300x400-1-1536x2048.png 1536w, https:\/\/mr-p.eu\/wp-content\/uploads\/2026\/01\/2-DAY-TRIAL-300x400-1-scaled.png 1920w\" sizes=\"(max-width: 767px) 89vw, (max-width: 1000px) 54vw, (max-width: 1071px) 543px, 580px\" \/><\/a><\/figure>\n\n\n\n<figure class=\"wp-block-image size-full\"><a href=\"https:\/\/mr-p.eu\/?page_id=708\" target=\"_blank\" rel=\" noreferrer noopener\"><img decoding=\"async\" width=\"1920\" height=\"2560\" data-id=\"870\" src=\"https:\/\/mr-p.eu\/wp-content\/uploads\/2026\/01\/3-DAY-TRIAL-300x400-1-scaled.png\" alt=\"\" class=\"wp-image-870\" srcset=\"https:\/\/mr-p.eu\/wp-content\/uploads\/2026\/01\/3-DAY-TRIAL-300x400-1-scaled.png 1920w, https:\/\/mr-p.eu\/wp-content\/uploads\/2026\/01\/3-DAY-TRIAL-300x400-1-225x300.png 225w, https:\/\/mr-p.eu\/wp-content\/uploads\/2026\/01\/3-DAY-TRIAL-300x400-1-768x1024.png 768w, https:\/\/mr-p.eu\/wp-content\/uploads\/2026\/01\/3-DAY-TRIAL-300x400-1-1152x1536.png 1152w, https:\/\/mr-p.eu\/wp-content\/uploads\/2026\/01\/3-DAY-TRIAL-300x400-1-1536x2048.png 1536w\" sizes=\"(max-width: 767px) 89vw, (max-width: 1000px) 54vw, (max-width: 1071px) 543px, 580px\" \/><\/a><\/figure>\n\n\n\n<figure class=\"wp-block-image size-large\"><a href=\"https:\/\/mr-p.eu\/?page_id=718\" target=\"_blank\" rel=\" noreferrer noopener\"><img loading=\"lazy\" decoding=\"async\" width=\"768\" height=\"1024\" data-id=\"873\" src=\"https:\/\/mr-p.eu\/wp-content\/uploads\/2026\/01\/7-DAY-TRIAL-300x400-1-768x1024.png\" alt=\"\" class=\"wp-image-873\" srcset=\"https:\/\/mr-p.eu\/wp-content\/uploads\/2026\/01\/7-DAY-TRIAL-300x400-1-768x1024.png 768w, https:\/\/mr-p.eu\/wp-content\/uploads\/2026\/01\/7-DAY-TRIAL-300x400-1-225x300.png 225w, https:\/\/mr-p.eu\/wp-content\/uploads\/2026\/01\/7-DAY-TRIAL-300x400-1-1152x1536.png 1152w, https:\/\/mr-p.eu\/wp-content\/uploads\/2026\/01\/7-DAY-TRIAL-300x400-1-1536x2048.png 1536w, https:\/\/mr-p.eu\/wp-content\/uploads\/2026\/01\/7-DAY-TRIAL-300x400-1-scaled.png 1920w\" sizes=\"(max-width: 767px) 89vw, (max-width: 1000px) 54vw, (max-width: 1071px) 543px, 580px\" \/><\/a><\/figure>\n\n\n\n<figure class=\"wp-block-image size-full\"><a href=\"https:\/\/mr-p.eu\/?page_id=543\" target=\"_blank\" rel=\" noreferrer noopener\"><img loading=\"lazy\" decoding=\"async\" width=\"1920\" height=\"2560\" data-id=\"947\" src=\"https:\/\/mr-p.eu\/wp-content\/uploads\/2026\/01\/CENNIK-2026-TRIALS-300x400-1-scaled.png\" alt=\"\" class=\"wp-image-947\" srcset=\"https:\/\/mr-p.eu\/wp-content\/uploads\/2026\/01\/CENNIK-2026-TRIALS-300x400-1-scaled.png 1920w, https:\/\/mr-p.eu\/wp-content\/uploads\/2026\/01\/CENNIK-2026-TRIALS-300x400-1-225x300.png 225w, https:\/\/mr-p.eu\/wp-content\/uploads\/2026\/01\/CENNIK-2026-TRIALS-300x400-1-768x1024.png 768w, https:\/\/mr-p.eu\/wp-content\/uploads\/2026\/01\/CENNIK-2026-TRIALS-300x400-1-1152x1536.png 1152w, https:\/\/mr-p.eu\/wp-content\/uploads\/2026\/01\/CENNIK-2026-TRIALS-300x400-1-1536x2048.png 1536w\" sizes=\"(max-width: 767px) 89vw, (max-width: 1000px) 54vw, (max-width: 1071px) 543px, 580px\" \/><\/a><\/figure>\n<\/figure>\n\n\n\n<figure class=\"wp-block-image size-large\"><a href=\"https:\/\/mr-p.eu\/?page_id=543\" target=\"_blank\" rel=\" noreferrer noopener\"><img loading=\"lazy\" decoding=\"async\" width=\"1024\" height=\"137\" src=\"https:\/\/mr-p.eu\/wp-content\/uploads\/2026\/01\/lets-meet-2026-1024x137.png\" alt=\"\" class=\"wp-image-975\" srcset=\"https:\/\/mr-p.eu\/wp-content\/uploads\/2026\/01\/lets-meet-2026-1024x137.png 1024w, https:\/\/mr-p.eu\/wp-content\/uploads\/2026\/01\/lets-meet-2026-300x40.png 300w, https:\/\/mr-p.eu\/wp-content\/uploads\/2026\/01\/lets-meet-2026-768x103.png 768w, https:\/\/mr-p.eu\/wp-content\/uploads\/2026\/01\/lets-meet-2026-1536x206.png 1536w, https:\/\/mr-p.eu\/wp-content\/uploads\/2026\/01\/lets-meet-2026.png 1918w\" sizes=\"(max-width: 767px) 89vw, (max-width: 1000px) 54vw, (max-width: 1071px) 543px, 580px\" \/><\/a><\/figure>\n\n\n\n<p><\/p>\n","protected":false},"excerpt":{"rendered":"<p>Jeden wsp\u00f3lnie sp\u0119dzony dzie\u0144 pozwoli nam na dok\u0142adniejsze poznanie Twoich nawyk\u00f3w, przyzwyczaje\u0144 i stylu w jaki funkcjonujesz. Dowolny dzie\u0144 tygodnia, kt\u00f3ry sp\u0119dzimy razem od poranka do nocy b\u0119dzie pe\u0142en rozm\u00f3w, obserwacji, analizy Twoich zachowa\u0144 i \u015bwiata woko\u0142o Ciebie. Podczas wsp\u00f3lnie sp\u0119dzonego dnia b\u0119d\u0119 m\u00f3g\u0142 da\u0107 Tobie wiele cennych wskaz\u00f3wek, wprowadzi\u0107 delikatne zmiany i pokaza\u0107 Ci &hellip; <\/p>\n<p class=\"link-more\"><a href=\"https:\/\/mr-p.eu\/?page_id=688\" class=\"more-link\">Continue reading<span class=\"screen-reader-text\"> &#8220;1 DAY TRIAL&#8221;<\/span><\/a><\/p>\n","protected":false},"author":1,"featured_media":774,"parent":0,"menu_order":0,"comment_status":"closed","ping_status":"closed","template":"","meta":{"footnotes":""},"class_list":["post-688","page","type-page","status-publish","has-post-thumbnail","hentry"],"yoast_head":"<!-- This site is optimized with the Yoast SEO plugin v21.3 - https:\/\/yoast.com\/wordpress\/plugins\/seo\/ -->\n<title>1 DAY TRIAL -<\/title>\n<meta name=\"robots\" content=\"index, follow, max-snippet:-1, max-image-preview:large, max-video-preview:-1\" \/>\n<link rel=\"canonical\" href=\"https:\/\/mr-p.eu\/?page_id=688\" \/>\n<meta property=\"og:locale\" content=\"en_US\" \/>\n<meta property=\"og:type\" content=\"article\" \/>\n<meta property=\"og:title\" content=\"1 DAY TRIAL -\" \/>\n<meta property=\"og:description\" content=\"Jeden wsp\u00f3lnie sp\u0119dzony dzie\u0144 pozwoli nam na dok\u0142adniejsze poznanie Twoich nawyk\u00f3w, przyzwyczaje\u0144 i stylu w jaki funkcjonujesz. Dowolny dzie\u0144 tygodnia, kt\u00f3ry sp\u0119dzimy razem od poranka do nocy b\u0119dzie pe\u0142en rozm\u00f3w, obserwacji, analizy Twoich zachowa\u0144 i \u015bwiata woko\u0142o Ciebie. Podczas wsp\u00f3lnie sp\u0119dzonego dnia b\u0119d\u0119 m\u00f3g\u0142 da\u0107 Tobie wiele cennych wskaz\u00f3wek, wprowadzi\u0107 delikatne zmiany i pokaza\u0107 Ci &hellip; Continue reading &quot;1 DAY TRIAL&quot;\" \/>\n<meta property=\"og:url\" content=\"https:\/\/mr-p.eu\/?page_id=688\" \/>\n<meta property=\"article:modified_time\" content=\"2026-02-01T11:28:40+00:00\" \/>\n<meta property=\"og:image\" content=\"https:\/\/mr-p.eu\/wp-content\/uploads\/2025\/06\/2025-6b.png\" \/>\n\t<meta property=\"og:image:width\" content=\"1\" \/>\n\t<meta property=\"og:image:height\" content=\"1\" \/>\n\t<meta property=\"og:image:type\" content=\"image\/png\" \/>\n<meta name=\"twitter:card\" content=\"summary_large_image\" \/>\n<meta name=\"twitter:label1\" content=\"Est. reading time\" \/>\n\t<meta name=\"twitter:data1\" content=\"3 minutes\" \/>\n<script type=\"application\/ld+json\" class=\"yoast-schema-graph\">{\"@context\":\"https:\/\/schema.org\",\"@graph\":[{\"@type\":\"WebPage\",\"@id\":\"https:\/\/mr-p.eu\/?page_id=688\",\"url\":\"https:\/\/mr-p.eu\/?page_id=688\",\"name\":\"1 DAY TRIAL -\",\"isPartOf\":{\"@id\":\"https:\/\/mr-p.eu\/#website\"},\"datePublished\":\"2025-06-06T11:05:31+00:00\",\"dateModified\":\"2026-02-01T11:28:40+00:00\",\"breadcrumb\":{\"@id\":\"https:\/\/mr-p.eu\/?page_id=688#breadcrumb\"},\"inLanguage\":\"en-US\",\"potentialAction\":[{\"@type\":\"ReadAction\",\"target\":[\"https:\/\/mr-p.eu\/?page_id=688\"]}]},{\"@type\":\"BreadcrumbList\",\"@id\":\"https:\/\/mr-p.eu\/?page_id=688#breadcrumb\",\"itemListElement\":[{\"@type\":\"ListItem\",\"position\":1,\"name\":\"Home\",\"item\":\"https:\/\/mr-p.eu\/\"},{\"@type\":\"ListItem\",\"position\":2,\"name\":\"1 DAY TRIAL\"}]},{\"@type\":\"WebSite\",\"@id\":\"https:\/\/mr-p.eu\/#website\",\"url\":\"https:\/\/mr-p.eu\/\",\"name\":\"\",\"description\":\"\",\"potentialAction\":[{\"@type\":\"SearchAction\",\"target\":{\"@type\":\"EntryPoint\",\"urlTemplate\":\"https:\/\/mr-p.eu\/?s={search_term_string}\"},\"query-input\":\"required name=search_term_string\"}],\"inLanguage\":\"en-US\"}]}<\/script>\n<!-- \/ Yoast SEO plugin. -->","yoast_head_json":{"title":"1 DAY TRIAL -","robots":{"index":"index","follow":"follow","max-snippet":"max-snippet:-1","max-image-preview":"max-image-preview:large","max-video-preview":"max-video-preview:-1"},"canonical":"https:\/\/mr-p.eu\/?page_id=688","og_locale":"en_US","og_type":"article","og_title":"1 DAY TRIAL -","og_description":"Jeden wsp\u00f3lnie sp\u0119dzony dzie\u0144 pozwoli nam na dok\u0142adniejsze poznanie Twoich nawyk\u00f3w, przyzwyczaje\u0144 i stylu w jaki funkcjonujesz. Dowolny dzie\u0144 tygodnia, kt\u00f3ry sp\u0119dzimy razem od poranka do nocy b\u0119dzie pe\u0142en rozm\u00f3w, obserwacji, analizy Twoich zachowa\u0144 i \u015bwiata woko\u0142o Ciebie. Podczas wsp\u00f3lnie sp\u0119dzonego dnia b\u0119d\u0119 m\u00f3g\u0142 da\u0107 Tobie wiele cennych wskaz\u00f3wek, wprowadzi\u0107 delikatne zmiany i pokaza\u0107 Ci &hellip; Continue reading \"1 DAY TRIAL\"","og_url":"https:\/\/mr-p.eu\/?page_id=688","article_modified_time":"2026-02-01T11:28:40+00:00","og_image":[{"url":"https:\/\/mr-p.eu\/wp-content\/uploads\/2025\/06\/2025-6b.png","width":1,"height":1,"type":"image\/png"}],"twitter_card":"summary_large_image","twitter_misc":{"Est. reading time":"3 minutes"},"schema":{"@context":"https:\/\/schema.org","@graph":[{"@type":"WebPage","@id":"https:\/\/mr-p.eu\/?page_id=688","url":"https:\/\/mr-p.eu\/?page_id=688","name":"1 DAY TRIAL -","isPartOf":{"@id":"https:\/\/mr-p.eu\/#website"},"datePublished":"2025-06-06T11:05:31+00:00","dateModified":"2026-02-01T11:28:40+00:00","breadcrumb":{"@id":"https:\/\/mr-p.eu\/?page_id=688#breadcrumb"},"inLanguage":"en-US","potentialAction":[{"@type":"ReadAction","target":["https:\/\/mr-p.eu\/?page_id=688"]}]},{"@type":"BreadcrumbList","@id":"https:\/\/mr-p.eu\/?page_id=688#breadcrumb","itemListElement":[{"@type":"ListItem","position":1,"name":"Home","item":"https:\/\/mr-p.eu\/"},{"@type":"ListItem","position":2,"name":"1 DAY TRIAL"}]},{"@type":"WebSite","@id":"https:\/\/mr-p.eu\/#website","url":"https:\/\/mr-p.eu\/","name":"","description":"","potentialAction":[{"@type":"SearchAction","target":{"@type":"EntryPoint","urlTemplate":"https:\/\/mr-p.eu\/?s={search_term_string}"},"query-input":"required name=search_term_string"}],"inLanguage":"en-US"}]}},"_links":{"self":[{"href":"https:\/\/mr-p.eu\/index.php?rest_route=\/wp\/v2\/pages\/688","targetHints":{"allow":["GET"]}}],"collection":[{"href":"https:\/\/mr-p.eu\/index.php?rest_route=\/wp\/v2\/pages"}],"about":[{"href":"https:\/\/mr-p.eu\/index.php?rest_route=\/wp\/v2\/types\/page"}],"author":[{"embeddable":true,"href":"https:\/\/mr-p.eu\/index.php?rest_route=\/wp\/v2\/users\/1"}],"replies":[{"embeddable":true,"href":"https:\/\/mr-p.eu\/index.php?rest_route=%2Fwp%2Fv2%2Fcomments&post=688"}],"version-history":[{"count":22,"href":"https:\/\/mr-p.eu\/index.php?rest_route=\/wp\/v2\/pages\/688\/revisions"}],"predecessor-version":[{"id":992,"href":"https:\/\/mr-p.eu\/index.php?rest_route=\/wp\/v2\/pages\/688\/revisions\/992"}],"wp:featuredmedia":[{"embeddable":true,"href":"https:\/\/mr-p.eu\/index.php?rest_route=\/wp\/v2\/media\/774"}],"wp:attachment":[{"href":"https:\/\/mr-p.eu\/index.php?rest_route=%2Fwp%2Fv2%2Fmedia&parent=688"}],"curies":[{"name":"wp","href":"https:\/\/api.w.org\/{rel}","templated":true}]}}