{"id":507,"date":"2024-09-24T13:24:01","date_gmt":"2024-09-24T11:24:01","guid":{"rendered":"https:\/\/mr-p.eu\/?page_id=507"},"modified":"2026-01-21T06:00:51","modified_gmt":"2026-01-21T05:00:51","slug":"reiki-master","status":"publish","type":"page","link":"https:\/\/mr-p.eu\/?page_id=507","title":{"rendered":"REIKI MASTER"},"content":{"rendered":"\n<p class=\"has-text-align-center has-small-font-size\">Wykorzystuj\u0105c <strong>Uniwersaln\u0105 Energi\u0119 \u017bycia<\/strong>, sesje <strong>REIKI <\/strong>maj\u0105 na celu uzdrowienie cia\u0142a i ducha cz\u0142owieka, przywracaj\u0105c harmoni\u0119 pomi\u0119dzy tymi dwoma \u015bwiatami. Sesje te skupiaj\u0105 si\u0119 na usuni\u0119ciu blokad energetycznych wyst\u0119puj\u0105cych w czakrach, co jest kluczowe dla odzyskania r\u00f3wnowagi wewn\u0119trznej. <strong>REIKI<\/strong> mo\u017ce przynie\u015b\u0107 znaczn\u0105 ulg\u0119 w przypadku przewlek\u0142ego b\u00f3lu, chor\u00f3b narz\u0105d\u00f3w wewn\u0119trznych, stan\u00f3w zapalnych oraz depresji. <strong>Energi\u0119 Mi\u0142o\u015bci<\/strong> (Uniwersaln\u0105 Energi\u0119 \u017bycia) mo\u017cna wykorzysta\u0107 do wspierania osobistych przemian w \u017cyciu oraz podnoszenia poziomu <strong>Mi\u0142uj\u0105cej Dobroci<\/strong> w codziennym funkcjonowaniu.<\/p>\n\n\n\n<p class=\"has-text-align-center has-small-font-size\">Sesja <strong>REIKI<\/strong> to nie jest swojego rodzaju tabletka na chorob\u0119, to dostrojenie energii, ale aby by\u0142o skuteczne na d\u0142u\u017cszy czas wymaga tak\u017ce i od odbiorcy rozpocz\u0119cia przemian w \u017cyciu codziennym, emocjonalnym i duchowym. Podstaw\u0105 jest systematyczne wdra\u017canie 5 zasad <strong>REIKI<\/strong> utworzonych przez MIKAO USUI, kt\u00f3re znacz\u0105co wp\u0142ywaj\u0105 na popraw\u0119 przep\u0142ywu energii mi\u0142o\u015bci przez nasze czakry, jak i na nasz poziom <strong>Mi\u0142uj\u0105cej Dobroci<\/strong> i rozwijania mi\u0142o\u015bci wewn\u0105trz siebie jak i wko\u0142o siebie. Chc\u0105c zazna\u0107 <strong>Energii Mi\u0142o\u015bci<\/strong>, chc\u0105c si\u0119 ni\u0105 &#8220;leczy\u0107&#8221; nie mo\u017cemy wymaga\u0107, \u017ce b\u0119dzie ona dobrze na nas wp\u0142ywa\u0142a skoro nie chcemy tej Mi\u0142o\u015bci w sobie mie\u0107 i obdarza\u0107 ni\u0105 innych. Mistrz <strong>REIKI<\/strong> mo\u017ce jedynie dostroi\u0107 i usprawni\u0107 przep\u0142yw <strong>Uniwersalnej Energii \u017bycia<\/strong>, co powoduje, \u017ce czujemy si\u0119 jakby\u015bmy mieli tej energii du\u017co wi\u0119cej, ale nie b\u0119dzie ona za nami na zawsze je\u015bli nie b\u0119dziemy o ni\u0105 dba\u0107, czyli nie piel\u0119gnowali trwania (lub rozwijali trwania) w stanie bezwarunkowej mi\u0142o\u015bci&#8230; <strong>Energia Mi\u0142o\u015bci<\/strong> czyli <strong>Uniwersalna Energia \u017bycia<\/strong> nie ma dystansu, nie zna granic, mo\u017ce trafi\u0107 do ka\u017cdego, ale nie ka\u017cdy umie j\u0105 w sobie zatrzyma\u0107, a tylko ta umiej\u0119tno\u015b\u0107 pozwala na d\u0142ugotrwa\u0142e zmiany w \u017cyciu.<\/p>\n\n\n\n<p class=\"has-text-align-center has-small-font-size\">Moje sesje <strong>REIKI<\/strong> mog\u0105 odbywa\u0107 si\u0119 zar\u00f3wno stacjonarnie, jak i na odleg\u0142o\u015b\u0107, co umo\u017cliwia elastyczno\u015b\u0107 i dost\u0119pno\u015b\u0107 dla wszystkich zainteresowanych, bez wzgl\u0119du na to, gdzie ja i Ty si\u0119 aktualnie znajdujemy. <strong>Energia Mi\u0142o\u015bci<\/strong> nie ma dystansu, nie zna granic, mo\u017ce trafi\u0107 do ka\u017cdego niezale\u017cnie od wieku, wyznania, stanu \u015bwiadomo\u015bci, itp., jednak\u017ce, je\u015bli to mo\u017cliwe polecamy sesje stacjonarne, podczas kt\u00f3rych mam wi\u0119ksze mo\u017cliwo\u015bci om\u00f3wienia zasad funkcjonowanie i zakresu zmian w drodze \u017cyciowej, jak\u0105 jest droga energii <strong>REIKI<\/strong><\/p>\n\n\n\n<p class=\"has-text-align-center\">mr P<\/p>\n\n\n\n<figure class=\"wp-block-image size-large\"><a href=\"https:\/\/mr-p.eu\/?page_id=543\" target=\"_blank\" rel=\" noreferrer noopener\"><img fetchpriority=\"high\" decoding=\"async\" width=\"1024\" height=\"137\" src=\"https:\/\/mr-p.eu\/wp-content\/uploads\/2026\/01\/lets-meet-2026-1024x137.png\" alt=\"\" class=\"wp-image-975\" srcset=\"https:\/\/mr-p.eu\/wp-content\/uploads\/2026\/01\/lets-meet-2026-1024x137.png 1024w, https:\/\/mr-p.eu\/wp-content\/uploads\/2026\/01\/lets-meet-2026-300x40.png 300w, https:\/\/mr-p.eu\/wp-content\/uploads\/2026\/01\/lets-meet-2026-768x103.png 768w, https:\/\/mr-p.eu\/wp-content\/uploads\/2026\/01\/lets-meet-2026-1536x206.png 1536w, https:\/\/mr-p.eu\/wp-content\/uploads\/2026\/01\/lets-meet-2026.png 1918w\" sizes=\"(max-width: 767px) 89vw, (max-width: 1000px) 54vw, (max-width: 1071px) 543px, 580px\" \/><\/a><\/figure>\n\n\n\n<figure class=\"wp-block-gallery has-nested-images columns-4 is-cropped wp-block-gallery-1 is-layout-flex wp-block-gallery-is-layout-flex\">\n<figure class=\"wp-block-image size-large\"><a href=\"https:\/\/mr-p.eu\/?page_id=10\" target=\"_blank\" rel=\" noreferrer noopener\"><img decoding=\"async\" width=\"768\" height=\"1024\" data-id=\"951\" src=\"https:\/\/mr-p.eu\/wp-content\/uploads\/2026\/01\/COACHING-2026-BIG-300X400-768x1024.png\" alt=\"\" class=\"wp-image-951\" srcset=\"https:\/\/mr-p.eu\/wp-content\/uploads\/2026\/01\/COACHING-2026-BIG-300X400-768x1024.png 768w, https:\/\/mr-p.eu\/wp-content\/uploads\/2026\/01\/COACHING-2026-BIG-300X400-225x300.png 225w, https:\/\/mr-p.eu\/wp-content\/uploads\/2026\/01\/COACHING-2026-BIG-300X400-1152x1536.png 1152w, https:\/\/mr-p.eu\/wp-content\/uploads\/2026\/01\/COACHING-2026-BIG-300X400-scaled.png 1920w\" sizes=\"(max-width: 767px) 89vw, (max-width: 1000px) 54vw, (max-width: 1071px) 543px, 580px\" \/><\/a><\/figure>\n\n\n\n<figure class=\"wp-block-image size-large\"><a href=\"https:\/\/mr-p.eu\/?page_id=416\" target=\"_blank\" rel=\" noreferrer noopener\"><img decoding=\"async\" width=\"768\" height=\"1024\" data-id=\"954\" src=\"https:\/\/mr-p.eu\/wp-content\/uploads\/2026\/01\/MENTORING-BIG-2026-300X400-768x1024.png\" alt=\"\" class=\"wp-image-954\" srcset=\"https:\/\/mr-p.eu\/wp-content\/uploads\/2026\/01\/MENTORING-BIG-2026-300X400-768x1024.png 768w, https:\/\/mr-p.eu\/wp-content\/uploads\/2026\/01\/MENTORING-BIG-2026-300X400-225x300.png 225w, https:\/\/mr-p.eu\/wp-content\/uploads\/2026\/01\/MENTORING-BIG-2026-300X400-1152x1536.png 1152w, https:\/\/mr-p.eu\/wp-content\/uploads\/2026\/01\/MENTORING-BIG-2026-300X400-1536x2048.png 1536w, https:\/\/mr-p.eu\/wp-content\/uploads\/2026\/01\/MENTORING-BIG-2026-300X400-scaled.png 1920w\" sizes=\"(max-width: 767px) 89vw, (max-width: 1000px) 54vw, (max-width: 1071px) 543px, 580px\" \/><\/a><\/figure>\n\n\n\n<figure class=\"wp-block-image size-large\"><a href=\"https:\/\/mr-p.eu\/?page_id=507\" target=\"_blank\" rel=\" noreferrer noopener\"><img loading=\"lazy\" decoding=\"async\" width=\"768\" height=\"1024\" data-id=\"957\" src=\"https:\/\/mr-p.eu\/wp-content\/uploads\/2026\/01\/REIKI-BIG-2026-300X400-768x1024.png\" alt=\"\" class=\"wp-image-957\" srcset=\"https:\/\/mr-p.eu\/wp-content\/uploads\/2026\/01\/REIKI-BIG-2026-300X400-768x1024.png 768w, https:\/\/mr-p.eu\/wp-content\/uploads\/2026\/01\/REIKI-BIG-2026-300X400-225x300.png 225w, https:\/\/mr-p.eu\/wp-content\/uploads\/2026\/01\/REIKI-BIG-2026-300X400-1152x1536.png 1152w, https:\/\/mr-p.eu\/wp-content\/uploads\/2026\/01\/REIKI-BIG-2026-300X400-scaled.png 1920w\" sizes=\"(max-width: 767px) 89vw, (max-width: 1000px) 54vw, (max-width: 1071px) 543px, 580px\" \/><\/a><\/figure>\n\n\n\n<figure class=\"wp-block-image size-full\"><a href=\"https:\/\/mr-p.eu\/?page_id=668\" target=\"_blank\" rel=\" noreferrer noopener\"><img loading=\"lazy\" decoding=\"async\" width=\"1920\" height=\"2560\" data-id=\"960\" src=\"https:\/\/mr-p.eu\/wp-content\/uploads\/2026\/01\/TRIALS-BIG-2026-300X400-scaled.png\" alt=\"\" class=\"wp-image-960\" srcset=\"https:\/\/mr-p.eu\/wp-content\/uploads\/2026\/01\/TRIALS-BIG-2026-300X400-scaled.png 1920w, https:\/\/mr-p.eu\/wp-content\/uploads\/2026\/01\/TRIALS-BIG-2026-300X400-225x300.png 225w, https:\/\/mr-p.eu\/wp-content\/uploads\/2026\/01\/TRIALS-BIG-2026-300X400-768x1024.png 768w, https:\/\/mr-p.eu\/wp-content\/uploads\/2026\/01\/TRIALS-BIG-2026-300X400-1152x1536.png 1152w\" sizes=\"(max-width: 767px) 89vw, (max-width: 1000px) 54vw, (max-width: 1071px) 543px, 580px\" \/><\/a><\/figure>\n<\/figure>\n\n\n\n<p><\/p>\n","protected":false},"excerpt":{"rendered":"<p>Wykorzystuj\u0105c Uniwersaln\u0105 Energi\u0119 \u017bycia, sesje REIKI maj\u0105 na celu uzdrowienie cia\u0142a i ducha cz\u0142owieka, przywracaj\u0105c harmoni\u0119 pomi\u0119dzy tymi dwoma \u015bwiatami. Sesje te skupiaj\u0105 si\u0119 na usuni\u0119ciu blokad energetycznych wyst\u0119puj\u0105cych w czakrach, co jest kluczowe dla odzyskania r\u00f3wnowagi wewn\u0119trznej. REIKI mo\u017ce przynie\u015b\u0107 znaczn\u0105 ulg\u0119 w przypadku przewlek\u0142ego b\u00f3lu, chor\u00f3b narz\u0105d\u00f3w wewn\u0119trznych, stan\u00f3w zapalnych oraz depresji. Energi\u0119 &hellip; <\/p>\n<p class=\"link-more\"><a href=\"https:\/\/mr-p.eu\/?page_id=507\" class=\"more-link\">Continue reading<span class=\"screen-reader-text\"> &#8220;REIKI MASTER&#8221;<\/span><\/a><\/p>\n","protected":false},"author":1,"featured_media":648,"parent":0,"menu_order":0,"comment_status":"closed","ping_status":"closed","template":"","meta":{"footnotes":""},"class_list":["post-507","page","type-page","status-publish","has-post-thumbnail","hentry"],"yoast_head":"<!-- This site is optimized with the Yoast SEO plugin v21.3 - https:\/\/yoast.com\/wordpress\/plugins\/seo\/ -->\n<title>REIKI master, szkolenia, praca z energi\u0105 REIKI mr-P.eu<\/title>\n<meta name=\"description\" content=\"Wykorzystuj\u0105c Uniwersaln\u0105 Energi\u0119 \u017bycia, sesje REIKI maj\u0105 na celu uzdrowienie cia\u0142a i ducha cz\u0142owieka, przywracaj\u0105c harmoni\u0119...\" \/>\n<meta name=\"robots\" content=\"index, follow, max-snippet:-1, max-image-preview:large, max-video-preview:-1\" \/>\n<link rel=\"canonical\" href=\"https:\/\/mr-p.eu\/?page_id=507\" \/>\n<meta property=\"og:locale\" content=\"en_US\" \/>\n<meta property=\"og:type\" content=\"article\" \/>\n<meta property=\"og:title\" content=\"REIKI master, szkolenia, praca z energi\u0105 REIKI mr-P.eu\" \/>\n<meta property=\"og:description\" content=\"Wykorzystuj\u0105c Uniwersaln\u0105 Energi\u0119 \u017bycia, sesje REIKI maj\u0105 na celu uzdrowienie cia\u0142a i ducha cz\u0142owieka, przywracaj\u0105c harmoni\u0119...\" \/>\n<meta property=\"og:url\" content=\"https:\/\/mr-p.eu\/?page_id=507\" \/>\n<meta property=\"article:modified_time\" content=\"2026-01-21T05:00:51+00:00\" \/>\n<meta property=\"og:image\" content=\"https:\/\/mr-p.eu\/wp-content\/uploads\/2025\/05\/2025-3-1024x526.png\" \/>\n\t<meta property=\"og:image:width\" content=\"1024\" \/>\n\t<meta property=\"og:image:height\" content=\"526\" \/>\n\t<meta property=\"og:image:type\" content=\"image\/png\" \/>\n<meta name=\"twitter:card\" content=\"summary_large_image\" \/>\n<meta name=\"twitter:label1\" content=\"Est. reading time\" \/>\n\t<meta name=\"twitter:data1\" content=\"3 minutes\" \/>\n<script type=\"application\/ld+json\" class=\"yoast-schema-graph\">{\"@context\":\"https:\/\/schema.org\",\"@graph\":[{\"@type\":\"WebPage\",\"@id\":\"https:\/\/mr-p.eu\/?page_id=507\",\"url\":\"https:\/\/mr-p.eu\/?page_id=507\",\"name\":\"REIKI master, szkolenia, praca z energi\u0105 REIKI mr-P.eu\",\"isPartOf\":{\"@id\":\"https:\/\/mr-p.eu\/#website\"},\"datePublished\":\"2024-09-24T11:24:01+00:00\",\"dateModified\":\"2026-01-21T05:00:51+00:00\",\"description\":\"Wykorzystuj\u0105c Uniwersaln\u0105 Energi\u0119 \u017bycia, sesje REIKI maj\u0105 na celu uzdrowienie cia\u0142a i ducha cz\u0142owieka, przywracaj\u0105c harmoni\u0119...\",\"breadcrumb\":{\"@id\":\"https:\/\/mr-p.eu\/?page_id=507#breadcrumb\"},\"inLanguage\":\"en-US\",\"potentialAction\":[{\"@type\":\"ReadAction\",\"target\":[\"https:\/\/mr-p.eu\/?page_id=507\"]}]},{\"@type\":\"BreadcrumbList\",\"@id\":\"https:\/\/mr-p.eu\/?page_id=507#breadcrumb\",\"itemListElement\":[{\"@type\":\"ListItem\",\"position\":1,\"name\":\"Home\",\"item\":\"https:\/\/mr-p.eu\/\"},{\"@type\":\"ListItem\",\"position\":2,\"name\":\"REIKI MASTER\"}]},{\"@type\":\"WebSite\",\"@id\":\"https:\/\/mr-p.eu\/#website\",\"url\":\"https:\/\/mr-p.eu\/\",\"name\":\"\",\"description\":\"\",\"potentialAction\":[{\"@type\":\"SearchAction\",\"target\":{\"@type\":\"EntryPoint\",\"urlTemplate\":\"https:\/\/mr-p.eu\/?s={search_term_string}\"},\"query-input\":\"required name=search_term_string\"}],\"inLanguage\":\"en-US\"}]}<\/script>\n<!-- \/ Yoast SEO plugin. -->","yoast_head_json":{"title":"REIKI master, szkolenia, praca z energi\u0105 REIKI mr-P.eu","description":"Wykorzystuj\u0105c Uniwersaln\u0105 Energi\u0119 \u017bycia, sesje REIKI maj\u0105 na celu uzdrowienie cia\u0142a i ducha cz\u0142owieka, przywracaj\u0105c harmoni\u0119...","robots":{"index":"index","follow":"follow","max-snippet":"max-snippet:-1","max-image-preview":"max-image-preview:large","max-video-preview":"max-video-preview:-1"},"canonical":"https:\/\/mr-p.eu\/?page_id=507","og_locale":"en_US","og_type":"article","og_title":"REIKI master, szkolenia, praca z energi\u0105 REIKI mr-P.eu","og_description":"Wykorzystuj\u0105c Uniwersaln\u0105 Energi\u0119 \u017bycia, sesje REIKI maj\u0105 na celu uzdrowienie cia\u0142a i ducha cz\u0142owieka, przywracaj\u0105c harmoni\u0119...","og_url":"https:\/\/mr-p.eu\/?page_id=507","article_modified_time":"2026-01-21T05:00:51+00:00","og_image":[{"width":1024,"height":526,"url":"https:\/\/mr-p.eu\/wp-content\/uploads\/2025\/05\/2025-3-1024x526.png","type":"image\/png"}],"twitter_card":"summary_large_image","twitter_misc":{"Est. reading time":"3 minutes"},"schema":{"@context":"https:\/\/schema.org","@graph":[{"@type":"WebPage","@id":"https:\/\/mr-p.eu\/?page_id=507","url":"https:\/\/mr-p.eu\/?page_id=507","name":"REIKI master, szkolenia, praca z energi\u0105 REIKI mr-P.eu","isPartOf":{"@id":"https:\/\/mr-p.eu\/#website"},"datePublished":"2024-09-24T11:24:01+00:00","dateModified":"2026-01-21T05:00:51+00:00","description":"Wykorzystuj\u0105c Uniwersaln\u0105 Energi\u0119 \u017bycia, sesje REIKI maj\u0105 na celu uzdrowienie cia\u0142a i ducha cz\u0142owieka, przywracaj\u0105c harmoni\u0119...","breadcrumb":{"@id":"https:\/\/mr-p.eu\/?page_id=507#breadcrumb"},"inLanguage":"en-US","potentialAction":[{"@type":"ReadAction","target":["https:\/\/mr-p.eu\/?page_id=507"]}]},{"@type":"BreadcrumbList","@id":"https:\/\/mr-p.eu\/?page_id=507#breadcrumb","itemListElement":[{"@type":"ListItem","position":1,"name":"Home","item":"https:\/\/mr-p.eu\/"},{"@type":"ListItem","position":2,"name":"REIKI MASTER"}]},{"@type":"WebSite","@id":"https:\/\/mr-p.eu\/#website","url":"https:\/\/mr-p.eu\/","name":"","description":"","potentialAction":[{"@type":"SearchAction","target":{"@type":"EntryPoint","urlTemplate":"https:\/\/mr-p.eu\/?s={search_term_string}"},"query-input":"required name=search_term_string"}],"inLanguage":"en-US"}]}},"_links":{"self":[{"href":"https:\/\/mr-p.eu\/index.php?rest_route=\/wp\/v2\/pages\/507","targetHints":{"allow":["GET"]}}],"collection":[{"href":"https:\/\/mr-p.eu\/index.php?rest_route=\/wp\/v2\/pages"}],"about":[{"href":"https:\/\/mr-p.eu\/index.php?rest_route=\/wp\/v2\/types\/page"}],"author":[{"embeddable":true,"href":"https:\/\/mr-p.eu\/index.php?rest_route=\/wp\/v2\/users\/1"}],"replies":[{"embeddable":true,"href":"https:\/\/mr-p.eu\/index.php?rest_route=%2Fwp%2Fv2%2Fcomments&post=507"}],"version-history":[{"count":21,"href":"https:\/\/mr-p.eu\/index.php?rest_route=\/wp\/v2\/pages\/507\/revisions"}],"predecessor-version":[{"id":989,"href":"https:\/\/mr-p.eu\/index.php?rest_route=\/wp\/v2\/pages\/507\/revisions\/989"}],"wp:featuredmedia":[{"embeddable":true,"href":"https:\/\/mr-p.eu\/index.php?rest_route=\/wp\/v2\/media\/648"}],"wp:attachment":[{"href":"https:\/\/mr-p.eu\/index.php?rest_route=%2Fwp%2Fv2%2Fmedia&parent=507"}],"curies":[{"name":"wp","href":"https:\/\/api.w.org\/{rel}","templated":true}]}}