{"id":1040,"date":"2026-03-22T11:53:44","date_gmt":"2026-03-22T10:53:44","guid":{"rendered":"https:\/\/mr-p.eu\/?page_id=1040"},"modified":"2026-03-22T12:00:06","modified_gmt":"2026-03-22T11:00:06","slug":"padel-tennis","status":"publish","type":"page","link":"https:\/\/mr-p.eu\/?page_id=1040","title":{"rendered":"PADEL &amp; TENNIS"},"content":{"rendered":"\n<p class=\"has-text-align-center has-small-font-size\">W \u017cyciu jest wa\u017cne, \u017ceby swoje z\u017cycie zawodowe \u0142\u0105czy\u0107 z pasj\u0105\u2026 ucz\u0119 o tym, pomagam innym to zrealizowa\u0107, bo sam to robi\u0119 na co dzie\u0144. Ale od ponad 40 lat drzemie we mnie jeszcze jedna pasja, kt\u00f3rej po\u015bwi\u0119ca\u0142em du\u017co swojego wolnego czasu. Tenis sto\u0142owy, ziemny, squash, rakietki na pla\u017cy, p\u00f3\u017aniej do\u0142\u0105czy\u0142 padel\u2026 zawsze gra\u0142em w co\u015b do czego trzeba by\u0142o rakiety\u2026<\/p>\n\n\n\n<p class=\"has-text-align-center has-small-font-size\">A\u017c w ko\u0144cu przyszed\u0142 dzie\u0144 kiedy powiedzia\u0142em: Hej! Czemu nie uczy\u0107 ludzi jak rozwija\u0107 swoj\u0105 pasje i jednocze\u015bnie \u017cy\u0107 fit, w ci\u0105g\u0142ym ruchu i z jeszcze wi\u0119kszym u\u015bmiechem na twarzy i w sercu, bo ka\u017cda godzina sp\u0119dzona na kortach to dla mnie wielka frajda!<\/p>\n\n\n\n<p class=\"has-text-align-center has-small-font-size\">I tak w skr\u00f3cie zosta\u0142em Trenerem Padla\u2026 a plan na najbli\u017csze lata to zrobi\u0107 kurs trenerski Tenisa Ziemnego\u2026<\/p>\n\n\n\n<p class=\"has-text-align-center has-small-font-size\">Korty to te\u017c \u015bwietne miejsce na terapi\u0119 \u017cyciow\u0105, duchow\u0105 lub na rozpocz\u0119cie zmian w \u017cyciu\u2026<\/p>\n\n\n\n<p class=\"has-text-align-center has-small-font-size\">To co zagramy ???<\/p>\n\n\n\n<p class=\"has-small-font-size\">mr P<\/p>\n\n\n\n<figure class=\"wp-block-gallery has-nested-images columns-4 is-cropped wp-block-gallery-1 is-layout-flex wp-block-gallery-is-layout-flex\">\n<figure class=\"wp-block-image size-large\"><img fetchpriority=\"high\" decoding=\"async\" width=\"768\" height=\"1024\" data-id=\"1047\" src=\"https:\/\/mr-p.eu\/wp-content\/uploads\/2026\/03\/1-768x1024.png\" alt=\"\" class=\"wp-image-1047\" srcset=\"https:\/\/mr-p.eu\/wp-content\/uploads\/2026\/03\/1-768x1024.png 768w, https:\/\/mr-p.eu\/wp-content\/uploads\/2026\/03\/1-225x300.png 225w, https:\/\/mr-p.eu\/wp-content\/uploads\/2026\/03\/1-1152x1536.png 1152w, https:\/\/mr-p.eu\/wp-content\/uploads\/2026\/03\/1-1536x2048.png 1536w, https:\/\/mr-p.eu\/wp-content\/uploads\/2026\/03\/1-scaled.png 1920w\" sizes=\"(max-width: 767px) 89vw, (max-width: 1000px) 54vw, (max-width: 1071px) 543px, 580px\" \/><\/figure>\n\n\n\n<figure class=\"wp-block-image size-large\"><img decoding=\"async\" width=\"768\" height=\"1024\" data-id=\"1045\" src=\"https:\/\/mr-p.eu\/wp-content\/uploads\/2026\/03\/3-768x1024.png\" alt=\"\" class=\"wp-image-1045\" srcset=\"https:\/\/mr-p.eu\/wp-content\/uploads\/2026\/03\/3-768x1024.png 768w, https:\/\/mr-p.eu\/wp-content\/uploads\/2026\/03\/3-225x300.png 225w, https:\/\/mr-p.eu\/wp-content\/uploads\/2026\/03\/3-1152x1536.png 1152w, https:\/\/mr-p.eu\/wp-content\/uploads\/2026\/03\/3-1536x2048.png 1536w, https:\/\/mr-p.eu\/wp-content\/uploads\/2026\/03\/3-scaled.png 1920w\" sizes=\"(max-width: 767px) 89vw, (max-width: 1000px) 54vw, (max-width: 1071px) 543px, 580px\" \/><\/figure>\n\n\n\n<figure class=\"wp-block-image size-large\"><img decoding=\"async\" width=\"768\" height=\"1024\" data-id=\"1046\" src=\"https:\/\/mr-p.eu\/wp-content\/uploads\/2026\/03\/2-768x1024.png\" alt=\"\" class=\"wp-image-1046\" srcset=\"https:\/\/mr-p.eu\/wp-content\/uploads\/2026\/03\/2-768x1024.png 768w, https:\/\/mr-p.eu\/wp-content\/uploads\/2026\/03\/2-225x300.png 225w, https:\/\/mr-p.eu\/wp-content\/uploads\/2026\/03\/2-1152x1536.png 1152w, https:\/\/mr-p.eu\/wp-content\/uploads\/2026\/03\/2-scaled.png 1920w\" sizes=\"(max-width: 767px) 89vw, (max-width: 1000px) 54vw, (max-width: 1071px) 543px, 580px\" \/><\/figure>\n\n\n\n<figure class=\"wp-block-image size-large\"><img loading=\"lazy\" decoding=\"async\" width=\"768\" height=\"1024\" data-id=\"960\" src=\"https:\/\/mr-p.eu\/wp-content\/uploads\/2026\/01\/TRIALS-BIG-2026-300X400-768x1024.png\" alt=\"\" class=\"wp-image-960\" srcset=\"https:\/\/mr-p.eu\/wp-content\/uploads\/2026\/01\/TRIALS-BIG-2026-300X400-768x1024.png 768w, https:\/\/mr-p.eu\/wp-content\/uploads\/2026\/01\/TRIALS-BIG-2026-300X400-225x300.png 225w, https:\/\/mr-p.eu\/wp-content\/uploads\/2026\/01\/TRIALS-BIG-2026-300X400-1152x1536.png 1152w, https:\/\/mr-p.eu\/wp-content\/uploads\/2026\/01\/TRIALS-BIG-2026-300X400-scaled.png 1920w\" sizes=\"(max-width: 767px) 89vw, (max-width: 1000px) 54vw, (max-width: 1071px) 543px, 580px\" \/><\/figure>\n<\/figure>\n","protected":false},"excerpt":{"rendered":"<p>W \u017cyciu jest wa\u017cne, \u017ceby swoje z\u017cycie zawodowe \u0142\u0105czy\u0107 z pasj\u0105\u2026 ucz\u0119 o tym, pomagam innym to zrealizowa\u0107, bo sam to robi\u0119 na co dzie\u0144. Ale od ponad 40 lat drzemie we mnie jeszcze jedna pasja, kt\u00f3rej po\u015bwi\u0119ca\u0142em du\u017co swojego wolnego czasu. Tenis sto\u0142owy, ziemny, squash, rakietki na pla\u017cy, p\u00f3\u017aniej do\u0142\u0105czy\u0142 padel\u2026 zawsze gra\u0142em w &hellip; <\/p>\n<p class=\"link-more\"><a href=\"https:\/\/mr-p.eu\/?page_id=1040\" class=\"more-link\">Continue reading<span class=\"screen-reader-text\"> &#8220;PADEL &amp; TENNIS&#8221;<\/span><\/a><\/p>\n","protected":false},"author":1,"featured_media":1041,"parent":0,"menu_order":0,"comment_status":"closed","ping_status":"closed","template":"","meta":{"footnotes":""},"class_list":["post-1040","page","type-page","status-publish","has-post-thumbnail","hentry"],"yoast_head":"<!-- This site is optimized with the Yoast SEO plugin v21.3 - https:\/\/yoast.com\/wordpress\/plugins\/seo\/ -->\n<title>PADEL &amp; TENNIS -<\/title>\n<meta name=\"robots\" content=\"index, follow, max-snippet:-1, max-image-preview:large, max-video-preview:-1\" \/>\n<link rel=\"canonical\" href=\"https:\/\/mr-p.eu\/?page_id=1040\" \/>\n<meta property=\"og:locale\" content=\"en_US\" \/>\n<meta property=\"og:type\" content=\"article\" \/>\n<meta property=\"og:title\" content=\"PADEL &amp; TENNIS -\" \/>\n<meta property=\"og:description\" content=\"W \u017cyciu jest wa\u017cne, \u017ceby swoje z\u017cycie zawodowe \u0142\u0105czy\u0107 z pasj\u0105\u2026 ucz\u0119 o tym, pomagam innym to zrealizowa\u0107, bo sam to robi\u0119 na co dzie\u0144. Ale od ponad 40 lat drzemie we mnie jeszcze jedna pasja, kt\u00f3rej po\u015bwi\u0119ca\u0142em du\u017co swojego wolnego czasu. Tenis sto\u0142owy, ziemny, squash, rakietki na pla\u017cy, p\u00f3\u017aniej do\u0142\u0105czy\u0142 padel\u2026 zawsze gra\u0142em w &hellip; Continue reading &quot;PADEL &amp; TENNIS&quot;\" \/>\n<meta property=\"og:url\" content=\"https:\/\/mr-p.eu\/?page_id=1040\" \/>\n<meta property=\"article:modified_time\" content=\"2026-03-22T11:00:06+00:00\" \/>\n<meta property=\"og:image\" content=\"https:\/\/mr-p.eu\/wp-content\/uploads\/2026\/03\/2025-8-1024x526.png\" \/>\n\t<meta property=\"og:image:width\" content=\"1024\" \/>\n\t<meta property=\"og:image:height\" content=\"526\" \/>\n\t<meta property=\"og:image:type\" content=\"image\/png\" \/>\n<meta name=\"twitter:card\" content=\"summary_large_image\" \/>\n<meta name=\"twitter:label1\" content=\"Est. reading time\" \/>\n\t<meta name=\"twitter:data1\" content=\"2 minutes\" \/>\n<script type=\"application\/ld+json\" class=\"yoast-schema-graph\">{\"@context\":\"https:\/\/schema.org\",\"@graph\":[{\"@type\":\"WebPage\",\"@id\":\"https:\/\/mr-p.eu\/?page_id=1040\",\"url\":\"https:\/\/mr-p.eu\/?page_id=1040\",\"name\":\"PADEL &amp; TENNIS -\",\"isPartOf\":{\"@id\":\"https:\/\/mr-p.eu\/#website\"},\"datePublished\":\"2026-03-22T10:53:44+00:00\",\"dateModified\":\"2026-03-22T11:00:06+00:00\",\"breadcrumb\":{\"@id\":\"https:\/\/mr-p.eu\/?page_id=1040#breadcrumb\"},\"inLanguage\":\"en-US\",\"potentialAction\":[{\"@type\":\"ReadAction\",\"target\":[\"https:\/\/mr-p.eu\/?page_id=1040\"]}]},{\"@type\":\"BreadcrumbList\",\"@id\":\"https:\/\/mr-p.eu\/?page_id=1040#breadcrumb\",\"itemListElement\":[{\"@type\":\"ListItem\",\"position\":1,\"name\":\"Home\",\"item\":\"https:\/\/mr-p.eu\/\"},{\"@type\":\"ListItem\",\"position\":2,\"name\":\"PADEL &amp; TENNIS\"}]},{\"@type\":\"WebSite\",\"@id\":\"https:\/\/mr-p.eu\/#website\",\"url\":\"https:\/\/mr-p.eu\/\",\"name\":\"\",\"description\":\"\",\"potentialAction\":[{\"@type\":\"SearchAction\",\"target\":{\"@type\":\"EntryPoint\",\"urlTemplate\":\"https:\/\/mr-p.eu\/?s={search_term_string}\"},\"query-input\":\"required name=search_term_string\"}],\"inLanguage\":\"en-US\"}]}<\/script>\n<!-- \/ Yoast SEO plugin. -->","yoast_head_json":{"title":"PADEL &amp; TENNIS -","robots":{"index":"index","follow":"follow","max-snippet":"max-snippet:-1","max-image-preview":"max-image-preview:large","max-video-preview":"max-video-preview:-1"},"canonical":"https:\/\/mr-p.eu\/?page_id=1040","og_locale":"en_US","og_type":"article","og_title":"PADEL &amp; TENNIS -","og_description":"W \u017cyciu jest wa\u017cne, \u017ceby swoje z\u017cycie zawodowe \u0142\u0105czy\u0107 z pasj\u0105\u2026 ucz\u0119 o tym, pomagam innym to zrealizowa\u0107, bo sam to robi\u0119 na co dzie\u0144. Ale od ponad 40 lat drzemie we mnie jeszcze jedna pasja, kt\u00f3rej po\u015bwi\u0119ca\u0142em du\u017co swojego wolnego czasu. Tenis sto\u0142owy, ziemny, squash, rakietki na pla\u017cy, p\u00f3\u017aniej do\u0142\u0105czy\u0142 padel\u2026 zawsze gra\u0142em w &hellip; Continue reading \"PADEL &amp; TENNIS\"","og_url":"https:\/\/mr-p.eu\/?page_id=1040","article_modified_time":"2026-03-22T11:00:06+00:00","og_image":[{"width":1024,"height":526,"url":"https:\/\/mr-p.eu\/wp-content\/uploads\/2026\/03\/2025-8-1024x526.png","type":"image\/png"}],"twitter_card":"summary_large_image","twitter_misc":{"Est. reading time":"2 minutes"},"schema":{"@context":"https:\/\/schema.org","@graph":[{"@type":"WebPage","@id":"https:\/\/mr-p.eu\/?page_id=1040","url":"https:\/\/mr-p.eu\/?page_id=1040","name":"PADEL &amp; TENNIS -","isPartOf":{"@id":"https:\/\/mr-p.eu\/#website"},"datePublished":"2026-03-22T10:53:44+00:00","dateModified":"2026-03-22T11:00:06+00:00","breadcrumb":{"@id":"https:\/\/mr-p.eu\/?page_id=1040#breadcrumb"},"inLanguage":"en-US","potentialAction":[{"@type":"ReadAction","target":["https:\/\/mr-p.eu\/?page_id=1040"]}]},{"@type":"BreadcrumbList","@id":"https:\/\/mr-p.eu\/?page_id=1040#breadcrumb","itemListElement":[{"@type":"ListItem","position":1,"name":"Home","item":"https:\/\/mr-p.eu\/"},{"@type":"ListItem","position":2,"name":"PADEL &amp; TENNIS"}]},{"@type":"WebSite","@id":"https:\/\/mr-p.eu\/#website","url":"https:\/\/mr-p.eu\/","name":"","description":"","potentialAction":[{"@type":"SearchAction","target":{"@type":"EntryPoint","urlTemplate":"https:\/\/mr-p.eu\/?s={search_term_string}"},"query-input":"required name=search_term_string"}],"inLanguage":"en-US"}]}},"_links":{"self":[{"href":"https:\/\/mr-p.eu\/index.php?rest_route=\/wp\/v2\/pages\/1040","targetHints":{"allow":["GET"]}}],"collection":[{"href":"https:\/\/mr-p.eu\/index.php?rest_route=\/wp\/v2\/pages"}],"about":[{"href":"https:\/\/mr-p.eu\/index.php?rest_route=\/wp\/v2\/types\/page"}],"author":[{"embeddable":true,"href":"https:\/\/mr-p.eu\/index.php?rest_route=\/wp\/v2\/users\/1"}],"replies":[{"embeddable":true,"href":"https:\/\/mr-p.eu\/index.php?rest_route=%2Fwp%2Fv2%2Fcomments&post=1040"}],"version-history":[{"count":3,"href":"https:\/\/mr-p.eu\/index.php?rest_route=\/wp\/v2\/pages\/1040\/revisions"}],"predecessor-version":[{"id":1050,"href":"https:\/\/mr-p.eu\/index.php?rest_route=\/wp\/v2\/pages\/1040\/revisions\/1050"}],"wp:featuredmedia":[{"embeddable":true,"href":"https:\/\/mr-p.eu\/index.php?rest_route=\/wp\/v2\/media\/1041"}],"wp:attachment":[{"href":"https:\/\/mr-p.eu\/index.php?rest_route=%2Fwp%2Fv2%2Fmedia&parent=1040"}],"curies":[{"name":"wp","href":"https:\/\/api.w.org\/{rel}","templated":true}]}}