{"id":10,"date":"2021-09-03T10:45:18","date_gmt":"2021-09-03T08:45:18","guid":{"rendered":"http:\/\/mr-p.eu\/?page_id=10"},"modified":"2026-03-02T04:41:29","modified_gmt":"2026-03-02T03:41:29","slug":"coaching-2","status":"publish","type":"page","link":"https:\/\/mr-p.eu\/?page_id=10","title":{"rendered":"COACHING"},"content":{"rendered":"\n<p class=\"has-text-align-center has-small-font-size\"><strong>CZYM JEST LIFE COACHING<\/strong><\/p>\n\n\n\n<p class=\"has-text-align-center has-small-font-size\">Life Coaching stanowi skuteczne narz\u0119dzie wspieraj\u0105ce rozw\u00f3j osobisty i zawodowy \u2013 pomaga osi\u0105ga\u0107 cele, prze\u0142amywa\u0107 bariery oraz maksymalnie wykorzysta\u0107 potencja\u0142. Poprzez regularne sesje coachingowe mo\u017cna skutecznie pracowa\u0107 nad swoimi celami, zdobywa\u0107 nowe umiej\u0119tno\u015bci oraz wprowadza\u0107 pozytywne zmiany w swoim \u017cyciu. Life Coaching pomaga w zrozumieniu \u017cycia codziennego, nauce postrzegania go w spos\u00f3b pozytywny i zdefiniowaniu konkretnych dzia\u0142a\u0144 oraz utrzymaniu motywacji do ich realizacji. Mo\u017ce tak\u017ce, budowa\u0107 pewno\u015b\u0107 siebie oraz pomaga\u0107 w osi\u0105ganiu sukces\u00f3w zawodowych. Jednak to na czym szczeg\u00f3lnie nale\u017cy si\u0119 skupi\u0107 to spok\u00f3j \u017cycia \u2013 spok\u00f3j ducha. Niekiedy mamy poczucie, \u017ce \u017cycie to nieustanna gonitwa, a spok\u00f3j to stan pozostaj\u0105cy poza naszym zasi\u0119giem. Recept\u0105 na to jest wprowadzenie r\u00f3wnowagi i harmonii dzi\u0119ki profesjonalnemu coachingowi w osi\u0105ganiu spokoju, w kt\u00f3rym si\u0119 specjalizuje.<\/p>\n\n\n\n<p class=\"has-text-align-center has-small-font-size\"><strong>KTO TO JEST LIFE COACH<\/strong><\/p>\n\n\n\n<p class=\"has-text-align-center has-small-font-size\">Bycie Life Cochem (trenerem \u017cyciowym) to nie jest kwestia zdobytych dyplom\u00f3w, certyfikat\u00f3w, odbytych warsztat\u00f3w, czy weekendowych kurs\u00f3w psychologii. Life Coach to osoba, kt\u00f3ra mo\u017ce Ci\u0119 poprowadzi\u0107 przez \u017cycie dlatego, \u017ce sama wiele do\u015bwiadczy\u0142a. Nie m\u00f3wi\u0119 tu o podr\u00f3\u017cach, sukcesach i drinkach z palemk\u0105\u2026 Life Coach to osoba, kt\u00f3rej wiedza (poza odbytymi kursami, przeczytanymi ksi\u0105\u017ckami&#8230;) zdobyta jest g\u0142\u00f3wnie na do\u015bwiadczeniu r\u00f3\u017cnych sytuacji we w\u0142asnym \u017cyciu ( nie z YouTube czy TikTok ). Sytuacje, kt\u00f3re nazwaliby\u015bcie z\u0142e i dobre&#8230; ale prawdziwy Life Coach nie mia\u0142 z\u0142ych sytuacji, pora\u017cek, upadk\u00f3w \u2013 mia\u0142 lekcje, z kt\u00f3rych wyci\u0105gn\u0105\u0142 du\u017co nauki i teraz mo\u017ce pom\u00f3c Tobie zrozumie\u0107 to co Ci si\u0119 aktualnie przytrafia i poprowadzi\u0107 Ci\u0119 przez \u017cycie z u\u015bmiechem , rado\u015bci\u0105 i wytrwa\u0142o\u015bci\u0105. Life Coach to osoba, kt\u00f3ra nawet w najgorszej (w Twoim postrzeganiu) sytuacji, wyci\u0105gnie dla Ciebie plusy, poka\u017ce Ci czego mo\u017cesz nauczy\u0107 si\u0119 na przysz\u0142o\u015b\u0107, aby z \u201epora\u017cki\u201d zrobi\u0107 sukces, w ka\u017cdej dziedzinie\u2026<\/p>\n\n\n\n<p class=\"has-text-align-center has-small-font-size\">Life Coach to nie zaw\u00f3d wyuczony na rocznych studiach zaocznych! Life Coach to misja pomagania oparta na wiedzy zdobytej podczas w\u0142asnego do\u015bwiadczania \u017cycia.<\/p>\n\n\n\n<p class=\"has-text-align-center has-small-font-size\"><strong>DLACZEGO JESTEM COCHEM<\/strong><\/p>\n\n\n\n<p class=\"has-text-align-center has-small-font-size\">Moje ju\u017c prawie p\u00f3\u0142 wiekowe \u017cycie stawia\u0142o mnie w r\u00f3\u017cnych sytuacjach\u2026 od zmian pracy, poprzez w\u0142asne biznesy z r\u00f3\u017cnymi efektami. Zazna\u0142em g\u0142odu i smaku potraw w restauracji z gwiazdk\u0105 Michelin. Zje\u017adzi\u0142em p\u00f3\u0142 \u015bwiata, \u017cyj\u0105c i mieszkaj\u0105c w kilku krajach na ro\u017cnych kontynentach, co pozwoli\u0142o mi na zdobycie r\u00f3\u017cnorodnych do\u015bwiadcze\u0144, wiedzy i umiej\u0119tno\u015bci postrzegania \u017cycia inaczej ni\u017c w szkole, czy na studiach. \u017bycie prywatne i zawodowo do\u015bwiadcza\u0142o mnie na r\u00f3\u017cne sposoby od wielkich zysk\u00f3w, po bankructwa z dnia na dzie\u0144\u2026 Pewnie my\u015blisz dlaczego on mo\u017ce by\u0107 cochem skoro nie zawsze wszystko by\u0142o tak super? No w\u0142a\u015bnie dlatego! Dlatego, \u017ce prawdziwe do\u015bwiadczenie, wiedz\u0119 o \u017cyciu i ludziach zdobywa si\u0119 w tych mniej komfortowych momentach\u2026 Do\u015bwiadczenie to nie wiedza z ksi\u0105\u017cek czy kursu online, ale prawdziwe \u017cycie, kt\u00f3re toczy si\u0119 dooko\u0142a nas\u2026<\/p>\n\n\n\n<p class=\"has-text-align-center has-small-font-size\"><strong>LET&#8217;S MEET<\/strong><\/p>\n\n\n\n<p class=\"has-text-align-center has-small-font-size\">Zapraszam Ci\u0119 do pracy ze mn\u0105, aby zmieni\u0107 Twoje \u017cycie na spokojniejsze, \u0142atwiejsze w rozumieniu i przyjemniejsze w ka\u017cdej sytuacji. Tak, aby ka\u017cdy poranek by\u0142 dla Ciebie rado\u015bci\u0105, a ka\u017cdy wiecz\u00f3r dawa\u0142 Ci satysfakcj\u0119 z kolejnego pi\u0119knego dnia. Jestem tu po to, by wesprze\u0107 Ci\u0119 na ka\u017cdym etapie Twojej drogi, ku sukcesowi i spe\u0142nieniu osobistemu oraz co najwa\u017cniejsze &#8211; odnalezieniu spokoju w \u017cyciu i osi\u0105gni\u0119ciu pe\u0142ni harmonii bez stresu, l\u0119ku i zmartwie\u0144.<\/p>\n\n\n\n<p class=\"has-text-align-center\">mr P<\/p>\n\n\n\n<figure class=\"wp-block-image size-large\"><a href=\"https:\/\/mr-p.eu\/?page_id=543\" target=\"_blank\" rel=\" noreferrer noopener\"><img fetchpriority=\"high\" decoding=\"async\" width=\"1024\" height=\"137\" src=\"https:\/\/mr-p.eu\/wp-content\/uploads\/2026\/01\/lets-meet-2026-1024x137.png\" alt=\"\" class=\"wp-image-975\" srcset=\"https:\/\/mr-p.eu\/wp-content\/uploads\/2026\/01\/lets-meet-2026-1024x137.png 1024w, https:\/\/mr-p.eu\/wp-content\/uploads\/2026\/01\/lets-meet-2026-300x40.png 300w, https:\/\/mr-p.eu\/wp-content\/uploads\/2026\/01\/lets-meet-2026-768x103.png 768w, https:\/\/mr-p.eu\/wp-content\/uploads\/2026\/01\/lets-meet-2026-1536x206.png 1536w, https:\/\/mr-p.eu\/wp-content\/uploads\/2026\/01\/lets-meet-2026.png 1918w\" sizes=\"(max-width: 767px) 89vw, (max-width: 1000px) 54vw, (max-width: 1071px) 543px, 580px\" \/><\/a><\/figure>\n\n\n\n<figure class=\"wp-block-gallery has-nested-images columns-4 is-cropped wp-block-gallery-1 is-layout-flex wp-block-gallery-is-layout-flex\">\n<figure class=\"wp-block-image size-large\"><a href=\"https:\/\/mr-p.eu\/?page_id=10\" target=\"_blank\" rel=\" noreferrer noopener\"><img decoding=\"async\" width=\"768\" height=\"1024\" data-id=\"951\" src=\"https:\/\/mr-p.eu\/wp-content\/uploads\/2026\/01\/COACHING-2026-BIG-300X400-768x1024.png\" alt=\"\" class=\"wp-image-951\" srcset=\"https:\/\/mr-p.eu\/wp-content\/uploads\/2026\/01\/COACHING-2026-BIG-300X400-768x1024.png 768w, https:\/\/mr-p.eu\/wp-content\/uploads\/2026\/01\/COACHING-2026-BIG-300X400-225x300.png 225w, https:\/\/mr-p.eu\/wp-content\/uploads\/2026\/01\/COACHING-2026-BIG-300X400-1152x1536.png 1152w, https:\/\/mr-p.eu\/wp-content\/uploads\/2026\/01\/COACHING-2026-BIG-300X400-scaled.png 1920w\" sizes=\"(max-width: 767px) 89vw, (max-width: 1000px) 54vw, (max-width: 1071px) 543px, 580px\" \/><\/a><\/figure>\n\n\n\n<figure class=\"wp-block-image size-large\"><a href=\"https:\/\/mr-p.eu\/?page_id=416\" target=\"_blank\" rel=\" noreferrer noopener\"><img decoding=\"async\" width=\"768\" height=\"1024\" data-id=\"954\" src=\"https:\/\/mr-p.eu\/wp-content\/uploads\/2026\/01\/MENTORING-BIG-2026-300X400-768x1024.png\" alt=\"\" class=\"wp-image-954\" srcset=\"https:\/\/mr-p.eu\/wp-content\/uploads\/2026\/01\/MENTORING-BIG-2026-300X400-768x1024.png 768w, https:\/\/mr-p.eu\/wp-content\/uploads\/2026\/01\/MENTORING-BIG-2026-300X400-225x300.png 225w, https:\/\/mr-p.eu\/wp-content\/uploads\/2026\/01\/MENTORING-BIG-2026-300X400-1152x1536.png 1152w, https:\/\/mr-p.eu\/wp-content\/uploads\/2026\/01\/MENTORING-BIG-2026-300X400-1536x2048.png 1536w, https:\/\/mr-p.eu\/wp-content\/uploads\/2026\/01\/MENTORING-BIG-2026-300X400-scaled.png 1920w\" sizes=\"(max-width: 767px) 89vw, (max-width: 1000px) 54vw, (max-width: 1071px) 543px, 580px\" \/><\/a><\/figure>\n\n\n\n<figure class=\"wp-block-image size-large\"><a href=\"https:\/\/mr-p.eu\/?page_id=507\" target=\"_blank\" rel=\" noreferrer noopener\"><img loading=\"lazy\" decoding=\"async\" width=\"768\" height=\"1024\" data-id=\"957\" src=\"https:\/\/mr-p.eu\/wp-content\/uploads\/2026\/01\/REIKI-BIG-2026-300X400-768x1024.png\" alt=\"\" class=\"wp-image-957\" srcset=\"https:\/\/mr-p.eu\/wp-content\/uploads\/2026\/01\/REIKI-BIG-2026-300X400-768x1024.png 768w, https:\/\/mr-p.eu\/wp-content\/uploads\/2026\/01\/REIKI-BIG-2026-300X400-225x300.png 225w, https:\/\/mr-p.eu\/wp-content\/uploads\/2026\/01\/REIKI-BIG-2026-300X400-1152x1536.png 1152w, https:\/\/mr-p.eu\/wp-content\/uploads\/2026\/01\/REIKI-BIG-2026-300X400-scaled.png 1920w\" sizes=\"(max-width: 767px) 89vw, (max-width: 1000px) 54vw, (max-width: 1071px) 543px, 580px\" \/><\/a><\/figure>\n\n\n\n<figure class=\"wp-block-image size-full\"><a href=\"https:\/\/mr-p.eu\/?page_id=668\" target=\"_blank\" rel=\" noreferrer noopener\"><img loading=\"lazy\" decoding=\"async\" width=\"1920\" height=\"2560\" data-id=\"960\" src=\"https:\/\/mr-p.eu\/wp-content\/uploads\/2026\/01\/TRIALS-BIG-2026-300X400-scaled.png\" alt=\"\" class=\"wp-image-960\" srcset=\"https:\/\/mr-p.eu\/wp-content\/uploads\/2026\/01\/TRIALS-BIG-2026-300X400-scaled.png 1920w, https:\/\/mr-p.eu\/wp-content\/uploads\/2026\/01\/TRIALS-BIG-2026-300X400-225x300.png 225w, https:\/\/mr-p.eu\/wp-content\/uploads\/2026\/01\/TRIALS-BIG-2026-300X400-768x1024.png 768w, https:\/\/mr-p.eu\/wp-content\/uploads\/2026\/01\/TRIALS-BIG-2026-300X400-1152x1536.png 1152w\" sizes=\"(max-width: 767px) 89vw, (max-width: 1000px) 54vw, (max-width: 1071px) 543px, 580px\" \/><\/a><\/figure>\n<\/figure>\n\n\n\n<p><\/p>\n\n\n\n<p><\/p>\n\n\n\n<p><\/p>\n\n\n\n<figure class=\"wp-block-gallery has-nested-images columns-default is-cropped wp-block-gallery-2 is-layout-flex wp-block-gallery-is-layout-flex\"><\/figure>\n","protected":false},"excerpt":{"rendered":"<p>CZYM JEST LIFE COACHING Life Coaching stanowi skuteczne narz\u0119dzie wspieraj\u0105ce rozw\u00f3j osobisty i zawodowy \u2013 pomaga osi\u0105ga\u0107 cele, prze\u0142amywa\u0107 bariery oraz maksymalnie wykorzysta\u0107 potencja\u0142. Poprzez regularne sesje coachingowe mo\u017cna skutecznie pracowa\u0107 nad swoimi celami, zdobywa\u0107 nowe umiej\u0119tno\u015bci oraz wprowadza\u0107 pozytywne zmiany w swoim \u017cyciu. Life Coaching pomaga w zrozumieniu \u017cycia codziennego, nauce postrzegania go w &hellip; <\/p>\n<p class=\"link-more\"><a href=\"https:\/\/mr-p.eu\/?page_id=10\" class=\"more-link\">Continue reading<span class=\"screen-reader-text\"> &#8220;COACHING&#8221;<\/span><\/a><\/p>\n","protected":false},"author":1,"featured_media":646,"parent":0,"menu_order":0,"comment_status":"closed","ping_status":"closed","template":"","meta":{"footnotes":""},"class_list":["post-10","page","type-page","status-publish","has-post-thumbnail","hentry"],"yoast_head":"<!-- This site is optimized with the Yoast SEO plugin v21.3 - https:\/\/yoast.com\/wordpress\/plugins\/seo\/ -->\n<title>COACHING Mentoring Reiki BALI mr-p.eu<\/title>\n<meta name=\"description\" content=\"Coaching stanowi skuteczne narz\u0119dzie wspieraj\u0105ce rozw\u00f3j osobisty i zawodowy- pomaga osi\u0105ga\u0107 cele, prze\u0142amywa\u0107 bariery, wykorzysta\u0107 potencja\u0142\" \/>\n<meta name=\"robots\" content=\"index, follow, max-snippet:-1, max-image-preview:large, max-video-preview:-1\" \/>\n<link rel=\"canonical\" href=\"https:\/\/mr-p.eu\/?page_id=10\" \/>\n<meta property=\"og:locale\" content=\"en_US\" \/>\n<meta property=\"og:type\" content=\"article\" \/>\n<meta property=\"og:title\" content=\"COACHING Mentoring Reiki BALI mr-p.eu\" \/>\n<meta property=\"og:description\" content=\"Coaching stanowi skuteczne narz\u0119dzie wspieraj\u0105ce rozw\u00f3j osobisty i zawodowy- pomaga osi\u0105ga\u0107 cele, prze\u0142amywa\u0107 bariery, wykorzysta\u0107 potencja\u0142\" \/>\n<meta property=\"og:url\" content=\"https:\/\/mr-p.eu\/?page_id=10\" \/>\n<meta property=\"article:modified_time\" content=\"2026-03-02T03:41:29+00:00\" \/>\n<meta property=\"og:image\" content=\"https:\/\/mr-p.eu\/wp-content\/uploads\/2025\/05\/2025-1-1.png\" \/>\n\t<meta property=\"og:image:width\" content=\"1\" \/>\n\t<meta property=\"og:image:height\" content=\"1\" \/>\n\t<meta property=\"og:image:type\" content=\"image\/png\" \/>\n<meta name=\"twitter:card\" content=\"summary_large_image\" \/>\n<meta name=\"twitter:label1\" content=\"Est. reading time\" \/>\n\t<meta name=\"twitter:data1\" content=\"4 minutes\" \/>\n<script type=\"application\/ld+json\" class=\"yoast-schema-graph\">{\"@context\":\"https:\/\/schema.org\",\"@graph\":[{\"@type\":\"WebPage\",\"@id\":\"https:\/\/mr-p.eu\/?page_id=10\",\"url\":\"https:\/\/mr-p.eu\/?page_id=10\",\"name\":\"COACHING Mentoring Reiki BALI mr-p.eu\",\"isPartOf\":{\"@id\":\"https:\/\/mr-p.eu\/#website\"},\"datePublished\":\"2021-09-03T08:45:18+00:00\",\"dateModified\":\"2026-03-02T03:41:29+00:00\",\"description\":\"Coaching stanowi skuteczne narz\u0119dzie wspieraj\u0105ce rozw\u00f3j osobisty i zawodowy- pomaga osi\u0105ga\u0107 cele, prze\u0142amywa\u0107 bariery, wykorzysta\u0107 potencja\u0142\",\"breadcrumb\":{\"@id\":\"https:\/\/mr-p.eu\/?page_id=10#breadcrumb\"},\"inLanguage\":\"en-US\",\"potentialAction\":[{\"@type\":\"ReadAction\",\"target\":[\"https:\/\/mr-p.eu\/?page_id=10\"]}]},{\"@type\":\"BreadcrumbList\",\"@id\":\"https:\/\/mr-p.eu\/?page_id=10#breadcrumb\",\"itemListElement\":[{\"@type\":\"ListItem\",\"position\":1,\"name\":\"Home\",\"item\":\"https:\/\/mr-p.eu\/\"},{\"@type\":\"ListItem\",\"position\":2,\"name\":\"COACHING\"}]},{\"@type\":\"WebSite\",\"@id\":\"https:\/\/mr-p.eu\/#website\",\"url\":\"https:\/\/mr-p.eu\/\",\"name\":\"\",\"description\":\"\",\"potentialAction\":[{\"@type\":\"SearchAction\",\"target\":{\"@type\":\"EntryPoint\",\"urlTemplate\":\"https:\/\/mr-p.eu\/?s={search_term_string}\"},\"query-input\":\"required name=search_term_string\"}],\"inLanguage\":\"en-US\"}]}<\/script>\n<!-- \/ Yoast SEO plugin. -->","yoast_head_json":{"title":"COACHING Mentoring Reiki BALI mr-p.eu","description":"Coaching stanowi skuteczne narz\u0119dzie wspieraj\u0105ce rozw\u00f3j osobisty i zawodowy- pomaga osi\u0105ga\u0107 cele, prze\u0142amywa\u0107 bariery, wykorzysta\u0107 potencja\u0142","robots":{"index":"index","follow":"follow","max-snippet":"max-snippet:-1","max-image-preview":"max-image-preview:large","max-video-preview":"max-video-preview:-1"},"canonical":"https:\/\/mr-p.eu\/?page_id=10","og_locale":"en_US","og_type":"article","og_title":"COACHING Mentoring Reiki BALI mr-p.eu","og_description":"Coaching stanowi skuteczne narz\u0119dzie wspieraj\u0105ce rozw\u00f3j osobisty i zawodowy- pomaga osi\u0105ga\u0107 cele, prze\u0142amywa\u0107 bariery, wykorzysta\u0107 potencja\u0142","og_url":"https:\/\/mr-p.eu\/?page_id=10","article_modified_time":"2026-03-02T03:41:29+00:00","og_image":[{"url":"https:\/\/mr-p.eu\/wp-content\/uploads\/2025\/05\/2025-1-1.png","width":1,"height":1,"type":"image\/png"}],"twitter_card":"summary_large_image","twitter_misc":{"Est. reading time":"4 minutes"},"schema":{"@context":"https:\/\/schema.org","@graph":[{"@type":"WebPage","@id":"https:\/\/mr-p.eu\/?page_id=10","url":"https:\/\/mr-p.eu\/?page_id=10","name":"COACHING Mentoring Reiki BALI mr-p.eu","isPartOf":{"@id":"https:\/\/mr-p.eu\/#website"},"datePublished":"2021-09-03T08:45:18+00:00","dateModified":"2026-03-02T03:41:29+00:00","description":"Coaching stanowi skuteczne narz\u0119dzie wspieraj\u0105ce rozw\u00f3j osobisty i zawodowy- pomaga osi\u0105ga\u0107 cele, prze\u0142amywa\u0107 bariery, wykorzysta\u0107 potencja\u0142","breadcrumb":{"@id":"https:\/\/mr-p.eu\/?page_id=10#breadcrumb"},"inLanguage":"en-US","potentialAction":[{"@type":"ReadAction","target":["https:\/\/mr-p.eu\/?page_id=10"]}]},{"@type":"BreadcrumbList","@id":"https:\/\/mr-p.eu\/?page_id=10#breadcrumb","itemListElement":[{"@type":"ListItem","position":1,"name":"Home","item":"https:\/\/mr-p.eu\/"},{"@type":"ListItem","position":2,"name":"COACHING"}]},{"@type":"WebSite","@id":"https:\/\/mr-p.eu\/#website","url":"https:\/\/mr-p.eu\/","name":"","description":"","potentialAction":[{"@type":"SearchAction","target":{"@type":"EntryPoint","urlTemplate":"https:\/\/mr-p.eu\/?s={search_term_string}"},"query-input":"required name=search_term_string"}],"inLanguage":"en-US"}]}},"_links":{"self":[{"href":"https:\/\/mr-p.eu\/index.php?rest_route=\/wp\/v2\/pages\/10","targetHints":{"allow":["GET"]}}],"collection":[{"href":"https:\/\/mr-p.eu\/index.php?rest_route=\/wp\/v2\/pages"}],"about":[{"href":"https:\/\/mr-p.eu\/index.php?rest_route=\/wp\/v2\/types\/page"}],"author":[{"embeddable":true,"href":"https:\/\/mr-p.eu\/index.php?rest_route=\/wp\/v2\/users\/1"}],"replies":[{"embeddable":true,"href":"https:\/\/mr-p.eu\/index.php?rest_route=%2Fwp%2Fv2%2Fcomments&post=10"}],"version-history":[{"count":83,"href":"https:\/\/mr-p.eu\/index.php?rest_route=\/wp\/v2\/pages\/10\/revisions"}],"predecessor-version":[{"id":1035,"href":"https:\/\/mr-p.eu\/index.php?rest_route=\/wp\/v2\/pages\/10\/revisions\/1035"}],"wp:featuredmedia":[{"embeddable":true,"href":"https:\/\/mr-p.eu\/index.php?rest_route=\/wp\/v2\/media\/646"}],"wp:attachment":[{"href":"https:\/\/mr-p.eu\/index.php?rest_route=%2Fwp%2Fv2%2Fmedia&parent=10"}],"curies":[{"name":"wp","href":"https:\/\/api.w.org\/{rel}","templated":true}]}}